{"id":2052,"date":"2023-12-21T12:38:44","date_gmt":"2023-12-21T12:38:44","guid":{"rendered":"https:\/\/site.dlaboratory.com\/learn\/webbseminarier\/"},"modified":"2025-09-23T08:47:24","modified_gmt":"2025-09-23T08:47:24","slug":"webinar","status":"publish","type":"page","link":"https:\/\/dlaboratory.com\/sv\/learn\/webinar\/","title":{"rendered":"Webbinarium"},"content":{"rendered":"\n<div class=\"wp-block-columns is-layout-flex wp-container-core-columns-is-layout-04592395 wp-block-columns-is-layout-flex\" style=\"padding-top:var(--wp--preset--spacing--80);padding-bottom:var(--wp--preset--spacing--30)\">\n<div class=\"wp-block-column is-layout-flow wp-block-column-is-layout-flow\" style=\"flex-basis:25%\"><\/div>\n\n\n\n<div class=\"wp-block-column is-layout-flow wp-block-column-is-layout-flow\" style=\"padding-top:var(--wp--preset--spacing--80);padding-right:var(--wp--preset--spacing--50);padding-bottom:0;padding-left:var(--wp--preset--spacing--50);flex-basis:50%\">\n<h1 class=\"wp-block-heading has-xx-large-font-size\" id=\"h-webbinarium\"><span style=\"color:#028389\">Webbinarium<\/span><\/h1>\n\n\n\n<h2 class=\"wp-block-heading\" id=\"h-kommande-webbinarium\">Kommande webbinarium<\/h2>\n\n\n\n<div class=\"wp-block-query is-layout-flow wp-block-query-is-layout-flow\">\n\n<div class=\"wp-block-query-no-results\">\n\n<p style=\"margin-top:0;margin-bottom:0;padding-top:0;padding-bottom:0\">Vi planerar just nu v\u00e5rt n\u00e4sta webbinarium d\u00e4r vi kommer att g\u00e5 igenom senaste utvecklingen vad g\u00e4ller lastprognostisering. Datum och detaljer kommer snart \u2013 h\u00e5ll utkik!<\/p>\n\n<\/div>\n\n<\/div>\n<\/div>\n\n\n\n<div class=\"wp-block-column is-layout-flow wp-block-column-is-layout-flow\" style=\"flex-basis:25%\"><\/div>\n<\/div>\n\n\n\n<div class=\"wp-block-columns is-layout-flex wp-container-core-columns-is-layout-487a1fa6 wp-block-columns-is-layout-flex\" style=\"padding-top:0;padding-bottom:var(--wp--preset--spacing--70)\">\n<div class=\"wp-block-column is-layout-flow wp-block-column-is-layout-flow\" style=\"flex-basis:25%\"><\/div>\n\n\n\n<div class=\"wp-block-column is-layout-flow wp-block-column-is-layout-flow\" style=\"padding-top:var(--wp--preset--spacing--40);padding-right:var(--wp--preset--spacing--50);padding-bottom:0;padding-left:var(--wp--preset--spacing--50);flex-basis:50%\">\n<h2 class=\"wp-block-heading\" id=\"h-tidigare-webbinarium\">Tidigare webbinarium<\/h2>\n\n\n\n<div class=\"wp-block-group accordion-container has-border-color has-dlab-teal-border-color is-layout-flow wp-container-core-group-is-layout-6e40f0af wp-block-group-is-layout-flow\" style=\"border-width:1px;padding-top:var(--wp--preset--spacing--50);padding-right:var(--wp--preset--spacing--50);padding-bottom:var(--wp--preset--spacing--50);padding-left:var(--wp--preset--spacing--50)\">\n<div class=\"wp-block-columns is-not-stacked-on-mobile accordion-title is-layout-flex wp-container-core-columns-is-layout-28f84493 wp-block-columns-is-layout-flex\">\n<div class=\"wp-block-column is-layout-flow wp-block-column-is-layout-flow\" style=\"flex-basis:95%\">\n<h2 class=\"wp-block-heading has-dlab-teal-color has-text-color has-link-color wp-elements-6b22737dcb0a4afad9bccca690d00478\" id=\"h-overvakning-av-batterianlaggningar\" style=\"padding-top:0;padding-bottom:0\">\u00d6vervakning av batterianl\u00e4ggningar<\/h2>\n<\/div>\n\n\n\n<div class=\"wp-block-column is-vertically-aligned-center is-layout-flow wp-block-column-is-layout-flow\" style=\"flex-basis:5%\">\n<span class=\"dashicons dashicons-plus accordion-icon\"><\/span>\n<\/div>\n<\/div>\n\n\n\n<div class=\"wp-block-group accordion-content has-global-padding is-layout-constrained wp-block-group-is-layout-constrained\">\n<figure class=\"wp-block-embed is-type-video is-provider-youtube wp-block-embed-youtube wp-embed-aspect-16-9 wp-has-aspect-ratio\"><div class=\"wp-block-embed__wrapper\">\n<iframe title=\"\u00d6vervakning av batterianl\u00e4ggningar\" width=\"500\" height=\"281\" data-src=\"https:\/\/www.youtube.com\/embed\/0gYT7wvDqZw?feature=oembed\" frameborder=\"0\" allow=\"accelerometer; autoplay; clipboard-write; encrypted-media; gyroscope; picture-in-picture; web-share\" referrerpolicy=\"strict-origin-when-cross-origin\" allowfullscreen src=\"data:image\/svg+xml;base64,PHN2ZyB3aWR0aD0iMSIgaGVpZ2h0PSIxIiB4bWxucz0iaHR0cDovL3d3dy53My5vcmcvMjAwMC9zdmciPjwvc3ZnPg==\" class=\"lazyload\" data-load-mode=\"1\"><\/iframe>\n<\/div><\/figure>\n<\/div>\n<\/div>\n\n\n\n<div class=\"wp-block-group accordion-container has-border-color has-dlab-teal-border-color is-layout-flow wp-container-core-group-is-layout-6e40f0af wp-block-group-is-layout-flow\" style=\"border-width:1px;padding-top:var(--wp--preset--spacing--50);padding-right:var(--wp--preset--spacing--50);padding-bottom:var(--wp--preset--spacing--50);padding-left:var(--wp--preset--spacing--50)\">\n<div class=\"wp-block-columns is-not-stacked-on-mobile accordion-title is-layout-flex wp-container-core-columns-is-layout-28f84493 wp-block-columns-is-layout-flex\">\n<div class=\"wp-block-column is-layout-flow wp-block-column-is-layout-flow\" style=\"flex-basis:95%\">\n<h2 class=\"wp-block-heading has-dlab-teal-color has-text-color has-link-color wp-elements-3086880962a08747d3519fae469991af\" id=\"h-incidentanalys-fran-tidig-upptackt-till-losning\" style=\"padding-top:0;padding-bottom:0\">Incidentanalys &#8211; Fr\u00e5n tidig uppt\u00e4ckt till l\u00f6sning<\/h2>\n<\/div>\n\n\n\n<div class=\"wp-block-column is-vertically-aligned-center is-layout-flow wp-block-column-is-layout-flow\" style=\"flex-basis:5%\">\n<span class=\"dashicons dashicons-plus accordion-icon\"><\/span>\n<\/div>\n<\/div>\n\n\n\n<div class=\"wp-block-group accordion-content has-global-padding is-layout-constrained wp-block-group-is-layout-constrained\">\n<figure class=\"wp-block-embed is-type-video is-provider-youtube wp-block-embed-youtube wp-embed-aspect-16-9 wp-has-aspect-ratio\"><div class=\"wp-block-embed__wrapper\">\n<iframe title=\"Incidentanalys - Fr\u00e5n tidig uppt\u00e4ckt till l\u00f6sning - Demo av tv\u00e5 kundexempel\" width=\"500\" height=\"281\" data-src=\"https:\/\/www.youtube.com\/embed\/WaPB8sWYsso?feature=oembed\" frameborder=\"0\" allow=\"accelerometer; autoplay; clipboard-write; encrypted-media; gyroscope; picture-in-picture; web-share\" referrerpolicy=\"strict-origin-when-cross-origin\" allowfullscreen src=\"data:image\/svg+xml;base64,PHN2ZyB3aWR0aD0iMSIgaGVpZ2h0PSIxIiB4bWxucz0iaHR0cDovL3d3dy53My5vcmcvMjAwMC9zdmciPjwvc3ZnPg==\" class=\"lazyload\" data-load-mode=\"1\"><\/iframe>\n<\/div><\/figure>\n<\/div>\n<\/div>\n\n\n\n<div class=\"wp-block-group accordion-container has-border-color has-dlab-teal-border-color is-layout-flow wp-container-core-group-is-layout-6e40f0af wp-block-group-is-layout-flow\" style=\"border-width:1px;padding-top:var(--wp--preset--spacing--50);padding-right:var(--wp--preset--spacing--50);padding-bottom:var(--wp--preset--spacing--50);padding-left:var(--wp--preset--spacing--50)\">\n<div class=\"wp-block-columns is-not-stacked-on-mobile accordion-title is-layout-flex wp-container-core-columns-is-layout-28f84493 wp-block-columns-is-layout-flex\">\n<div class=\"wp-block-column is-layout-flow wp-block-column-is-layout-flow\" style=\"flex-basis:95%\">\n<h2 class=\"wp-block-heading has-dlab-teal-color has-text-color has-link-color wp-elements-44c48ee56a7d272a49788dbb4bcde43b\" id=\"h-varaktighetsdiagram-vad-ar-det-och-vad-kan-man-anvanda-det-till\" style=\"padding-top:0;padding-bottom:0\">Varaktighetsdiagram &#8211; Vad \u00e4r det och vad kan man anv\u00e4nda det till?<\/h2>\n<\/div>\n\n\n\n<div class=\"wp-block-column is-vertically-aligned-center is-layout-flow wp-block-column-is-layout-flow\" style=\"flex-basis:5%\">\n<span class=\"dashicons dashicons-plus accordion-icon\"><\/span>\n<\/div>\n<\/div>\n\n\n\n<div class=\"wp-block-group accordion-content has-global-padding is-layout-constrained wp-block-group-is-layout-constrained\">\n<figure class=\"wp-block-embed is-type-video is-provider-youtube wp-block-embed-youtube wp-embed-aspect-16-9 wp-has-aspect-ratio\"><div class=\"wp-block-embed__wrapper\">\n<iframe title=\"Webinar - Varaktighetsdiagram - Vad \u00e4r det och vad kan man anv\u00e4nda det till?\" width=\"500\" height=\"281\" data-src=\"https:\/\/www.youtube.com\/embed\/2d9lyjJsb_c?feature=oembed\" frameborder=\"0\" allow=\"accelerometer; autoplay; clipboard-write; encrypted-media; gyroscope; picture-in-picture; web-share\" referrerpolicy=\"strict-origin-when-cross-origin\" allowfullscreen src=\"data:image\/svg+xml;base64,PHN2ZyB3aWR0aD0iMSIgaGVpZ2h0PSIxIiB4bWxucz0iaHR0cDovL3d3dy53My5vcmcvMjAwMC9zdmciPjwvc3ZnPg==\" class=\"lazyload\" data-load-mode=\"1\"><\/iframe>\n<\/div><\/figure>\n<\/div>\n<\/div>\n<\/div>\n\n\n\n<div class=\"wp-block-column is-layout-flow wp-block-column-is-layout-flow\" style=\"flex-basis:25%\"><\/div>\n<\/div>\n\n\n\n<div class=\"wp-block-columns is-not-stacked-on-mobile is-layout-flex wp-container-core-columns-is-layout-ec2e7a44 wp-block-columns-is-layout-flex\" style=\"padding-top:0;padding-bottom:0\">\n<div class=\"wp-block-column is-layout-flow wp-block-column-is-layout-flow\" style=\"flex-basis:25%\"><\/div>\n\n\n\n<div class=\"wp-block-column is-layout-flow wp-container-core-column-is-layout-f016c79b wp-block-column-is-layout-flow\" style=\"border-top-color:var(--wp--preset--color--dlab-gold);border-top-width:2px;padding-top:0;padding-right:0;padding-bottom:0;padding-left:0;flex-basis:50%\"><\/div>\n\n\n\n<div class=\"wp-block-column is-layout-flow wp-block-column-is-layout-flow\" style=\"flex-basis:25%\"><\/div>\n<\/div>\n\n\n\n<div class=\"wp-block-columns is-layout-flex wp-container-core-columns-is-layout-2d54fda1 wp-block-columns-is-layout-flex\" style=\"padding-top:var(--wp--preset--spacing--50);padding-bottom:var(--wp--preset--spacing--80)\">\n<div class=\"wp-block-column is-layout-flow wp-block-column-is-layout-flow\" style=\"flex-basis:25%\"><\/div>\n\n\n\n<div class=\"wp-block-column is-layout-flow wp-block-column-is-layout-flow\" style=\"padding-right:var(--wp--preset--spacing--50);padding-left:var(--wp--preset--spacing--50);flex-basis:50%\">\n<div class=\"wp-block-group has-global-padding is-layout-constrained wp-container-core-group-is-layout-5b4d3b8f wp-block-group-is-layout-constrained\" style=\"padding-top:var(--wp--preset--spacing--50)\">\n<h1 class=\"wp-block-heading has-text-align-center has-xx-large-font-size\" id=\"h-get-in-touch\" style=\"padding-bottom:0\">Ta kontakt <span style=\"color:#FDAB5F \">med oss<\/span><\/h1>\n\n\n\n<p class=\"has-text-align-center has-medium-font-size\">Uppkopplad teknik och spetskunskap \u00e4r vad som utm\u00e4rker v\u00e5ra l\u00f6sningar och teamet bakom dem. Kontakta oss f\u00f6r att f\u00e5 reda p\u00e5 mer. <\/p>\n\n\n\n<div class=\"wp-block-buttons is-content-justification-center is-layout-flex wp-container-core-buttons-is-layout-a89b3969 wp-block-buttons-is-layout-flex\">\n<div class=\"wp-block-button is-style-outline is-style-outline--1\"><a class=\"wp-block-button__link wp-element-button\" href=\"https:\/\/dlaboratory.com\/sv\/contact\/\"><img decoding=\"async\" width=\"131\" height=\"48\" class=\"wp-image-1016 lazyload\" style=\"--smush-placeholder-width: 131px; --smush-placeholder-aspect-ratio: 131\/48;width: 50px; margin-right:10px; vertical-align:middle;\" data-src=\"\/wp-content\/uploads\/2024\/01\/arrow_.png\" alt=\"\" src=\"data:image\/svg+xml;base64,PHN2ZyB3aWR0aD0iMSIgaGVpZ2h0PSIxIiB4bWxucz0iaHR0cDovL3d3dy53My5vcmcvMjAwMC9zdmciPjwvc3ZnPg==\" \/><span style=\"vertical-align:middle\">Kontakta oss<\/span><\/a><\/div>\n<\/div>\n<\/div>\n<\/div>\n\n\n\n<div class=\"wp-block-column is-vertically-aligned-stretch is-layout-flow wp-block-column-is-layout-flow\" style=\"flex-basis:25%\"><\/div>\n<\/div>\n\n\n","protected":false},"excerpt":{"rendered":"<p>Webbinarium Kommande webbinarium Tidigare webbinarium \u00d6vervakning av batterianl\u00e4ggningar Incidentanalys &#8211; Fr\u00e5n tidig uppt\u00e4ckt till l\u00f6sning Varaktighetsdiagram &#8211; Vad \u00e4r det och vad kan man anv\u00e4nda det till?<\/p>\n","protected":false},"author":1,"featured_media":0,"parent":1804,"menu_order":0,"comment_status":"closed","ping_status":"closed","template":"","meta":{"content-type":"","footnotes":""},"class_list":["post-2052","page","type-page","status-publish","hentry"],"yoast_head":"<!-- This site is optimized with the Yoast SEO Premium plugin v27.4 (Yoast SEO v27.4) - https:\/\/yoast.com\/product\/yoast-seo-premium-wordpress\/ -->\n<title>Webbinarium - dlab<\/title>\n<meta name=\"robots\" content=\"index, follow, max-snippet:-1, max-image-preview:large, max-video-preview:-1\" \/>\n<link rel=\"canonical\" href=\"https:\/\/dlaboratory.com\/sv\/learn\/webinar\/\" \/>\n<meta property=\"og:locale\" content=\"sv_SE\" \/>\n<meta property=\"og:type\" content=\"article\" \/>\n<meta property=\"og:title\" content=\"Webbinarium\" \/>\n<meta property=\"og:description\" content=\"Webbinarium Kommande webbinarium Tidigare webbinarium \u00d6vervakning av batterianl\u00e4ggningar Incidentanalys &#8211; Fr\u00e5n tidig uppt\u00e4ckt till l\u00f6sning Varaktighetsdiagram &#8211; Vad \u00e4r det och vad kan man anv\u00e4nda det till?\" \/>\n<meta property=\"og:url\" content=\"https:\/\/dlaboratory.com\/sv\/learn\/webinar\/\" \/>\n<meta property=\"og:site_name\" content=\"dlab\" \/>\n<meta property=\"article:modified_time\" content=\"2025-09-23T08:47:24+00:00\" \/>\n<meta name=\"twitter:card\" content=\"summary_large_image\" \/>\n<meta name=\"twitter:label1\" content=\"Ber\u00e4knad l\u00e4stid\" \/>\n\t<meta name=\"twitter:data1\" content=\"1 minut\" \/>\n<script type=\"application\/ld+json\" class=\"yoast-schema-graph\">{\"@context\":\"https:\\\/\\\/schema.org\",\"@graph\":[{\"@type\":\"WebPage\",\"@id\":\"https:\\\/\\\/dlaboratory.com\\\/sv\\\/learn\\\/webinar\\\/\",\"url\":\"https:\\\/\\\/dlaboratory.com\\\/sv\\\/learn\\\/webinar\\\/\",\"name\":\"Webbinarium - dlab\",\"isPartOf\":{\"@id\":\"https:\\\/\\\/www.dlaboratory.com\\\/sv\\\/#website\"},\"datePublished\":\"2023-12-21T12:38:44+00:00\",\"dateModified\":\"2025-09-23T08:47:24+00:00\",\"breadcrumb\":{\"@id\":\"https:\\\/\\\/dlaboratory.com\\\/sv\\\/learn\\\/webinar\\\/#breadcrumb\"},\"inLanguage\":\"sv-SE\",\"potentialAction\":[{\"@type\":\"ReadAction\",\"target\":[\"https:\\\/\\\/dlaboratory.com\\\/sv\\\/learn\\\/webinar\\\/\"]}]},{\"@type\":\"BreadcrumbList\",\"@id\":\"https:\\\/\\\/dlaboratory.com\\\/sv\\\/learn\\\/webinar\\\/#breadcrumb\",\"itemListElement\":[{\"@type\":\"ListItem\",\"position\":1,\"name\":\"Home\",\"item\":\"https:\\\/\\\/dlaboratory.com\\\/sv\\\/\"},{\"@type\":\"ListItem\",\"position\":2,\"name\":\"Insikter\",\"item\":\"https:\\\/\\\/dlaboratory.com\\\/sv\\\/learn\\\/\"},{\"@type\":\"ListItem\",\"position\":3,\"name\":\"Webbinarium\"}]},{\"@type\":\"WebSite\",\"@id\":\"https:\\\/\\\/www.dlaboratory.com\\\/sv\\\/#website\",\"url\":\"https:\\\/\\\/www.dlaboratory.com\\\/sv\\\/\",\"name\":\"dLab\",\"description\":\"\",\"publisher\":{\"@id\":\"https:\\\/\\\/www.dlaboratory.com\\\/sv\\\/#organization\"},\"potentialAction\":[{\"@type\":\"SearchAction\",\"target\":{\"@type\":\"EntryPoint\",\"urlTemplate\":\"https:\\\/\\\/www.dlaboratory.com\\\/sv\\\/?s={search_term_string}\"},\"query-input\":{\"@type\":\"PropertyValueSpecification\",\"valueRequired\":true,\"valueName\":\"search_term_string\"}}],\"inLanguage\":\"sv-SE\"},{\"@type\":\"Organization\",\"@id\":\"https:\\\/\\\/www.dlaboratory.com\\\/sv\\\/#organization\",\"name\":\"dLab\",\"url\":\"https:\\\/\\\/www.dlaboratory.com\\\/sv\\\/\",\"logo\":{\"@type\":\"ImageObject\",\"inLanguage\":\"sv-SE\",\"@id\":\"https:\\\/\\\/www.dlaboratory.com\\\/sv\\\/#\\\/schema\\\/logo\\\/image\\\/\",\"url\":\"\\\/wp-content\\\/uploads\\\/2023\\\/12\\\/dlab_logo_transparent_white-1.png\",\"contentUrl\":\"\\\/wp-content\\\/uploads\\\/2023\\\/12\\\/dlab_logo_transparent_white-1.png\",\"width\":4721,\"height\":2167,\"caption\":\"dLab\"},\"image\":{\"@id\":\"https:\\\/\\\/www.dlaboratory.com\\\/sv\\\/#\\\/schema\\\/logo\\\/image\\\/\"}}]}<\/script>\n<!-- \/ Yoast SEO Premium plugin. -->","yoast_head_json":{"title":"Webbinarium - dlab","robots":{"index":"index","follow":"follow","max-snippet":"max-snippet:-1","max-image-preview":"max-image-preview:large","max-video-preview":"max-video-preview:-1"},"canonical":"https:\/\/dlaboratory.com\/sv\/learn\/webinar\/","og_locale":"sv_SE","og_type":"article","og_title":"Webbinarium","og_description":"Webbinarium Kommande webbinarium Tidigare webbinarium \u00d6vervakning av batterianl\u00e4ggningar Incidentanalys &#8211; Fr\u00e5n tidig uppt\u00e4ckt till l\u00f6sning Varaktighetsdiagram &#8211; Vad \u00e4r det och vad kan man anv\u00e4nda det till?","og_url":"https:\/\/dlaboratory.com\/sv\/learn\/webinar\/","og_site_name":"dlab","article_modified_time":"2025-09-23T08:47:24+00:00","twitter_card":"summary_large_image","twitter_misc":{"Ber\u00e4knad l\u00e4stid":"1 minut"},"schema":{"@context":"https:\/\/schema.org","@graph":[{"@type":"WebPage","@id":"https:\/\/dlaboratory.com\/sv\/learn\/webinar\/","url":"https:\/\/dlaboratory.com\/sv\/learn\/webinar\/","name":"Webbinarium - dlab","isPartOf":{"@id":"https:\/\/www.dlaboratory.com\/sv\/#website"},"datePublished":"2023-12-21T12:38:44+00:00","dateModified":"2025-09-23T08:47:24+00:00","breadcrumb":{"@id":"https:\/\/dlaboratory.com\/sv\/learn\/webinar\/#breadcrumb"},"inLanguage":"sv-SE","potentialAction":[{"@type":"ReadAction","target":["https:\/\/dlaboratory.com\/sv\/learn\/webinar\/"]}]},{"@type":"BreadcrumbList","@id":"https:\/\/dlaboratory.com\/sv\/learn\/webinar\/#breadcrumb","itemListElement":[{"@type":"ListItem","position":1,"name":"Home","item":"https:\/\/dlaboratory.com\/sv\/"},{"@type":"ListItem","position":2,"name":"Insikter","item":"https:\/\/dlaboratory.com\/sv\/learn\/"},{"@type":"ListItem","position":3,"name":"Webbinarium"}]},{"@type":"WebSite","@id":"https:\/\/www.dlaboratory.com\/sv\/#website","url":"https:\/\/www.dlaboratory.com\/sv\/","name":"dLab","description":"","publisher":{"@id":"https:\/\/www.dlaboratory.com\/sv\/#organization"},"potentialAction":[{"@type":"SearchAction","target":{"@type":"EntryPoint","urlTemplate":"https:\/\/www.dlaboratory.com\/sv\/?s={search_term_string}"},"query-input":{"@type":"PropertyValueSpecification","valueRequired":true,"valueName":"search_term_string"}}],"inLanguage":"sv-SE"},{"@type":"Organization","@id":"https:\/\/www.dlaboratory.com\/sv\/#organization","name":"dLab","url":"https:\/\/www.dlaboratory.com\/sv\/","logo":{"@type":"ImageObject","inLanguage":"sv-SE","@id":"https:\/\/www.dlaboratory.com\/sv\/#\/schema\/logo\/image\/","url":"\/wp-content\/uploads\/2023\/12\/dlab_logo_transparent_white-1.png","contentUrl":"\/wp-content\/uploads\/2023\/12\/dlab_logo_transparent_white-1.png","width":4721,"height":2167,"caption":"dLab"},"image":{"@id":"https:\/\/www.dlaboratory.com\/sv\/#\/schema\/logo\/image\/"}}]}},"_links":{"self":[{"href":"https:\/\/dlaboratory.com\/sv\/wp-json\/wp\/v2\/pages\/2052","targetHints":{"allow":["GET"]}}],"collection":[{"href":"https:\/\/dlaboratory.com\/sv\/wp-json\/wp\/v2\/pages"}],"about":[{"href":"https:\/\/dlaboratory.com\/sv\/wp-json\/wp\/v2\/types\/page"}],"author":[{"embeddable":true,"href":"https:\/\/dlaboratory.com\/sv\/wp-json\/wp\/v2\/users\/1"}],"replies":[{"embeddable":true,"href":"https:\/\/dlaboratory.com\/sv\/wp-json\/wp\/v2\/comments?post=2052"}],"version-history":[{"count":17,"href":"https:\/\/dlaboratory.com\/sv\/wp-json\/wp\/v2\/pages\/2052\/revisions"}],"predecessor-version":[{"id":4663,"href":"https:\/\/dlaboratory.com\/sv\/wp-json\/wp\/v2\/pages\/2052\/revisions\/4663"}],"up":[{"embeddable":true,"href":"https:\/\/dlaboratory.com\/sv\/wp-json\/wp\/v2\/pages\/1804"}],"wp:attachment":[{"href":"https:\/\/dlaboratory.com\/sv\/wp-json\/wp\/v2\/media?parent=2052"}],"curies":[{"name":"wp","href":"https:\/\/api.w.org\/{rel}","templated":true}]}}