{"id":1813,"date":"2023-12-21T07:45:19","date_gmt":"2023-12-21T07:45:19","guid":{"rendered":"https:\/\/site.dlaboratory.com\/kontakta-oss\/"},"modified":"2026-02-27T09:05:00","modified_gmt":"2026-02-27T09:05:00","slug":"contact","status":"publish","type":"page","link":"https:\/\/dlaboratory.com\/sv\/contact\/","title":{"rendered":"Kontakta oss"},"content":{"rendered":"\n<div class=\"wp-block-columns alignwide is-layout-flex wp-container-core-columns-is-layout-b8e64976 wp-block-columns-is-layout-flex\" style=\"margin-top:var(--wp--preset--spacing--80)\">\n<div class=\"wp-block-column is-layout-flow wp-block-column-is-layout-flow\" style=\"flex-basis:25%\"><\/div>\n\n\n\n<div class=\"wp-block-column is-layout-flow wp-block-column-is-layout-flow\" style=\"padding-top:var(--wp--preset--spacing--80);padding-right:var(--wp--preset--spacing--50);padding-bottom:var(--wp--preset--spacing--80);padding-left:var(--wp--preset--spacing--50);flex-basis:50%\">\n<h1 class=\"wp-block-heading has-xx-large-font-size\" id=\"h-vi-skulle-garna-vilja-hora-fran-dig\" style=\"padding-top:0;padding-bottom:0\"><span style=\"color: #028389\">Vi skulle g\u00e4rna vilja<\/span><br>h\u00f6ra fr\u00e5n dig<\/h1>\n\n\n\n<p>\u00c4r du intresserad av att boka en demo eller f\u00e5 mer information? Skriv till oss och ber\u00e4tta vad du undrar \u00f6ver. <\/p>\n\n\n\n<div class=\"wp-block-leadin-hubspot-form-block\">\n\t\t\t\t\t\t<script>\n\t\t\t\t\t\t\twindow.hsFormsOnReady = window.hsFormsOnReady || [];\n\t\t\t\t\t\t\twindow.hsFormsOnReady.push(()=>{\n\t\t\t\t\t\t\t\thbspt.forms.create({\n\t\t\t\t\t\t\t\t\tportalId: 2664075,\n\t\t\t\t\t\t\t\t\tformId: \"486662a0-dc54-484a-a74c-8e0730d961b4\",\n\t\t\t\t\t\t\t\t\ttarget: \"#hbspt-form-1777515483000-7175780649\",\n\t\t\t\t\t\t\t\t\tregion: \"na1\",\n\t\t\t\t\t\t\t\t\t\n\t\t\t\t\t\t\t})});\n\t\t\t\t\t\t<\/script>\n\t\t\t\t\t\t<div class=\"hbspt-form\" id=\"hbspt-form-1777515483000-7175780649\"><\/div><\/div>\n<\/div>\n\n\n\n<div class=\"wp-block-column is-layout-flow wp-block-column-is-layout-flow\" style=\"flex-basis:25%\"><\/div>\n<\/div>\n\n\n\n<div class=\"wp-block-columns alignwide is-layout-flex wp-container-core-columns-is-layout-47c5d72a wp-block-columns-is-layout-flex\" style=\"margin-bottom:var(--wp--preset--spacing--80)\">\n<div class=\"wp-block-column is-layout-flow wp-block-column-is-layout-flow\" style=\"flex-basis:5%\"><\/div>\n\n\n\n<div class=\"wp-block-column is-layout-flow wp-block-column-is-layout-flow\" style=\"padding-right:var(--wp--preset--spacing--50);padding-left:var(--wp--preset--spacing--50);flex-basis:90%\">\n<div class=\"wp-block-group is-content-justification-center is-layout-flex wp-container-core-group-is-layout-664210d0 wp-block-group-is-layout-flex\" style=\"padding-top:var(--wp--preset--spacing--70);padding-right:0;padding-bottom:var(--wp--preset--spacing--70);padding-left:0\">\n<div class=\"wp-block-group wp-container-content-9dbf05af has-global-padding is-content-justification-left is-layout-constrained wp-container-core-group-is-layout-46cbc021 wp-block-group-is-layout-constrained\" style=\"margin-top:0;margin-bottom:0;padding-right:0;padding-left:0\">\n<div class=\"wp-block-cover has-custom-content-position is-position-bottom-center wp-container-content-9cfa9a5a\" style=\"padding-top:0;padding-right:0;padding-bottom:0;padding-left:0;min-height:600px;aspect-ratio:unset;\"><img decoding=\"async\" width=\"2379\" height=\"2560\" class=\"wp-block-cover__image-background wp-image-3513 lazyload\" alt=\"\" data-src=\"\/wp-content\/uploads\/2024\/10\/Martinsson-profil-1-scaled.jpg\" data-object-fit=\"cover\" data-srcset=\"\/wp-content\/uploads\/2024\/10\/Martinsson-profil-1-scaled.jpg 2379w, \/wp-content\/uploads\/2024\/10\/Martinsson-profil-1-279x300.jpg 279w, \/wp-content\/uploads\/2024\/10\/Martinsson-profil-1-952x1024.jpg 952w, \/wp-content\/uploads\/2024\/10\/Martinsson-profil-1-768x826.jpg 768w, \/wp-content\/uploads\/2024\/10\/Martinsson-profil-1-1427x1536.jpg 1427w, \/wp-content\/uploads\/2024\/10\/Martinsson-profil-1-1903x2048.jpg 1903w\" data-sizes=\"(max-width: 2379px) 100vw, 2379px\" src=\"data:image\/svg+xml;base64,PHN2ZyB3aWR0aD0iMSIgaGVpZ2h0PSIxIiB4bWxucz0iaHR0cDovL3d3dy53My5vcmcvMjAwMC9zdmciPjwvc3ZnPg==\" style=\"--smush-placeholder-width: 2379px; --smush-placeholder-aspect-ratio: 2379\/2560;\" \/><span aria-hidden=\"true\" class=\"wp-block-cover__background has-background-dim-0 has-background-dim\" style=\"background-color:#7c7676\"><\/span><div class=\"wp-block-cover__inner-container has-global-padding is-layout-constrained wp-container-core-cover-is-layout-9f579501 wp-block-cover-is-layout-constrained\">\n<div class=\"wp-block-group has-dlab-dark-grey-background-color has-background has-global-padding is-layout-constrained wp-container-core-group-is-layout-7e0c4b18 wp-block-group-is-layout-constrained\" style=\"margin-top:0;margin-bottom:0;padding-top:var(--wp--preset--spacing--40);padding-right:var(--wp--preset--spacing--60);padding-bottom:var(--wp--preset--spacing--40);padding-left:var(--wp--preset--spacing--60)\">\n<h2 class=\"wp-block-heading has-text-align-left has-white-color has-text-color has-link-color has-large-font-size wp-elements-ee73a93e4d8c12d69f886a9ccf14c679\" id=\"h-johan-martinsson\" style=\"margin-top:0;margin-bottom:0;padding-top:var(--wp--preset--spacing--30);padding-bottom:var(--wp--preset--spacing--30)\">Johan Martinsson<\/h2>\n\n\n\n<p class=\"has-white-color has-text-color has-link-color wp-elements-7706dc7672e23d9f4fa3376216871147\" style=\"margin-top:0;margin-bottom:0;padding-top:var(--wp--preset--spacing--40);padding-bottom:0\">F\u00f6rs\u00e4ljning Sverige  <\/p>\n\n\n\n<p class=\"has-dlab-gold-color has-text-color has-link-color wp-elements-791514ff049da168cdc4f463acf95781\" style=\"margin-top:0;margin-bottom:0;padding-top:0;padding-bottom:var(--wp--preset--spacing--40)\"><a href=\"mailto:johan.martinsson@dlaboratory.com\">johan.martinsson@dlaboratory.com<\/a><br>070 090 83 56<\/p>\n<\/div>\n<\/div><\/div>\n<\/div>\n<\/div>\n\n\n\n<div class=\"wp-block-group is-content-justification-center is-layout-flex wp-container-core-group-is-layout-664210d0 wp-block-group-is-layout-flex\" style=\"padding-top:var(--wp--preset--spacing--70);padding-right:0;padding-bottom:var(--wp--preset--spacing--70);padding-left:0\">\n<div class=\"wp-block-group wp-container-content-9dbf05af has-global-padding is-content-justification-left is-layout-constrained wp-container-core-group-is-layout-46cbc021 wp-block-group-is-layout-constrained\" style=\"margin-top:0;margin-bottom:0;padding-right:0;padding-left:0\">\n<div class=\"wp-block-cover has-custom-content-position is-position-bottom-center wp-container-content-9cfa9a5a\" style=\"padding-top:0;padding-right:0;padding-bottom:0;padding-left:0;min-height:600px;aspect-ratio:unset;\"><img decoding=\"async\" width=\"1577\" height=\"2365\" class=\"wp-block-cover__image-background wp-image-444 lazyload\" alt=\"\" data-src=\"\/wp-content\/uploads\/2023\/12\/0F1A3556-1.jpg\" data-object-fit=\"cover\" data-srcset=\"\/wp-content\/uploads\/2023\/12\/0F1A3556-1.jpg 1577w, \/wp-content\/uploads\/2023\/12\/0F1A3556-1-200x300.jpg 200w, \/wp-content\/uploads\/2023\/12\/0F1A3556-1-683x1024.jpg 683w, \/wp-content\/uploads\/2023\/12\/0F1A3556-1-768x1152.jpg 768w, \/wp-content\/uploads\/2023\/12\/0F1A3556-1-1024x1536.jpg 1024w, \/wp-content\/uploads\/2023\/12\/0F1A3556-1-1366x2048.jpg 1366w\" data-sizes=\"(max-width: 1577px) 100vw, 1577px\" src=\"data:image\/svg+xml;base64,PHN2ZyB3aWR0aD0iMSIgaGVpZ2h0PSIxIiB4bWxucz0iaHR0cDovL3d3dy53My5vcmcvMjAwMC9zdmciPjwvc3ZnPg==\" style=\"--smush-placeholder-width: 1577px; --smush-placeholder-aspect-ratio: 1577\/2365;\" \/><span aria-hidden=\"true\" class=\"wp-block-cover__background has-background-dim-0 has-background-dim\"><\/span><div class=\"wp-block-cover__inner-container has-global-padding is-layout-constrained wp-container-core-cover-is-layout-9f579501 wp-block-cover-is-layout-constrained\">\n<div class=\"wp-block-group has-dlab-dark-grey-background-color has-background has-global-padding is-layout-constrained wp-container-core-group-is-layout-7e0c4b18 wp-block-group-is-layout-constrained\" style=\"margin-top:0;margin-bottom:0;padding-top:var(--wp--preset--spacing--40);padding-right:var(--wp--preset--spacing--60);padding-bottom:var(--wp--preset--spacing--40);padding-left:var(--wp--preset--spacing--60)\">\n<h2 class=\"wp-block-heading has-text-align-left has-white-color has-text-color has-link-color has-large-font-size wp-elements-b1e3ac0897e9a8787b5775b43e0f3889\" id=\"h-rickard-jacobson\" style=\"margin-top:0;margin-bottom:0;padding-top:var(--wp--preset--spacing--30);padding-bottom:var(--wp--preset--spacing--30)\">Rickard Jacobson<\/h2>\n\n\n\n<p class=\"has-white-color has-text-color has-link-color wp-elements-f4dc1f18c09cc06e8a0e538cd4475c2b\" style=\"margin-top:0;margin-bottom:0;padding-top:var(--wp--preset--spacing--40);padding-bottom:0\">VD<\/p>\n\n\n\n<p class=\"has-dlab-gold-color has-text-color has-link-color wp-elements-8b5e2ff344c2de95e9fbebf5ec06fd40\" style=\"margin-top:0;margin-bottom:0;padding-top:0;padding-bottom:var(--wp--preset--spacing--40)\"><a href=\"mailto:rickard.jacobson@dlaboratory.com\">rickard.jacobson@dlaboratory.com<\/a><\/p>\n<\/div>\n<\/div><\/div>\n<\/div>\n\n\n\n<div class=\"wp-block-group wp-container-content-9dbf05af has-global-padding is-content-justification-left is-layout-constrained wp-container-core-group-is-layout-1674117b wp-block-group-is-layout-constrained\" style=\"padding-right:0;padding-left:0\">\n<div class=\"wp-block-cover is-light has-custom-content-position is-position-bottom-center wp-container-content-9cfa9a5a\" style=\"padding-top:0;padding-right:0;padding-bottom:0;padding-left:0;min-height:600px;aspect-ratio:unset;\"><img decoding=\"async\" width=\"1707\" height=\"2560\" class=\"wp-block-cover__image-background wp-image-1041 lazyload\" alt=\"\" data-src=\"\/wp-content\/uploads\/2024\/01\/0F1A3459-scaled.jpg\" data-object-fit=\"cover\" data-srcset=\"\/wp-content\/uploads\/2024\/01\/0F1A3459-scaled.jpg 1707w, \/wp-content\/uploads\/2024\/01\/0F1A3459-200x300.jpg 200w, \/wp-content\/uploads\/2024\/01\/0F1A3459-683x1024.jpg 683w, \/wp-content\/uploads\/2024\/01\/0F1A3459-768x1152.jpg 768w, \/wp-content\/uploads\/2024\/01\/0F1A3459-1024x1536.jpg 1024w, \/wp-content\/uploads\/2024\/01\/0F1A3459-1366x2048.jpg 1366w\" data-sizes=\"(max-width: 1707px) 100vw, 1707px\" src=\"data:image\/svg+xml;base64,PHN2ZyB3aWR0aD0iMSIgaGVpZ2h0PSIxIiB4bWxucz0iaHR0cDovL3d3dy53My5vcmcvMjAwMC9zdmciPjwvc3ZnPg==\" style=\"--smush-placeholder-width: 1707px; --smush-placeholder-aspect-ratio: 1707\/2560;\" \/><span aria-hidden=\"true\" class=\"wp-block-cover__background has-background-dim-0 has-background-dim\"><\/span><div class=\"wp-block-cover__inner-container has-global-padding is-layout-constrained wp-container-core-cover-is-layout-c8ff9538 wp-block-cover-is-layout-constrained\">\n<div class=\"wp-block-group has-dlab-dark-grey-background-color has-background has-global-padding is-layout-constrained wp-container-core-group-is-layout-7e0c4b18 wp-block-group-is-layout-constrained\" style=\"margin-top:0;margin-bottom:0;padding-top:var(--wp--preset--spacing--40);padding-right:var(--wp--preset--spacing--60);padding-bottom:var(--wp--preset--spacing--40);padding-left:var(--wp--preset--spacing--60)\">\n<h2 class=\"wp-block-heading has-text-align-left has-white-color has-text-color has-link-color has-large-font-size wp-elements-7cfa9f055091625cb8340eca8b8d4396\" id=\"h-fredrik-akke\" style=\"margin-top:0;margin-bottom:0;padding-top:var(--wp--preset--spacing--30);padding-bottom:var(--wp--preset--spacing--30)\">Fredrik Akke<\/h2>\n\n\n\n<p class=\"has-white-color has-text-color has-link-color wp-elements-581e42b088708192b8631af01b6324f4\" style=\"margin-top:0;margin-bottom:0;padding-top:var(--wp--preset--spacing--40);padding-bottom:0\">CTO &amp; grundare<\/p>\n\n\n\n<p class=\"has-dlab-gold-color has-text-color has-link-color wp-elements-cc900252cad8ddea565324651d1d0538\" style=\"margin-top:0;margin-bottom:0;padding-top:0;padding-bottom:var(--wp--preset--spacing--40)\"><a href=\"mailto:fredrik.akke@dlaboratory.com\">fredrik.akke@dlaboratory.com<\/a><\/p>\n<\/div>\n<\/div><\/div>\n<\/div>\n\n\n\n<div class=\"wp-block-group wp-container-content-9dbf05af has-global-padding is-content-justification-left is-layout-constrained wp-container-core-group-is-layout-1674117b wp-block-group-is-layout-constrained\" style=\"padding-right:0;padding-left:0\">\n<div class=\"wp-block-cover has-custom-content-position is-position-bottom-center wp-container-content-9cfa9a5a\" style=\"padding-top:0;padding-right:0;padding-bottom:0;padding-left:0;min-height:600px;aspect-ratio:unset;\"><img decoding=\"async\" width=\"1708\" height=\"2560\" class=\"wp-block-cover__image-background wp-image-1043 lazyload\" alt=\"\" data-src=\"\/wp-content\/uploads\/2024\/01\/0F1A3497-scaled.jpg\" data-object-fit=\"cover\" data-srcset=\"\/wp-content\/uploads\/2024\/01\/0F1A3497-scaled.jpg 1708w, \/wp-content\/uploads\/2024\/01\/0F1A3497-200x300.jpg 200w, \/wp-content\/uploads\/2024\/01\/0F1A3497-683x1024.jpg 683w, \/wp-content\/uploads\/2024\/01\/0F1A3497-768x1151.jpg 768w, \/wp-content\/uploads\/2024\/01\/0F1A3497-1025x1536.jpg 1025w, \/wp-content\/uploads\/2024\/01\/0F1A3497-1366x2048.jpg 1366w\" data-sizes=\"(max-width: 1708px) 100vw, 1708px\" src=\"data:image\/svg+xml;base64,PHN2ZyB3aWR0aD0iMSIgaGVpZ2h0PSIxIiB4bWxucz0iaHR0cDovL3d3dy53My5vcmcvMjAwMC9zdmciPjwvc3ZnPg==\" style=\"--smush-placeholder-width: 1708px; --smush-placeholder-aspect-ratio: 1708\/2560;\" \/><span aria-hidden=\"true\" class=\"wp-block-cover__background has-background-dim-0 has-background-dim\"><\/span><div class=\"wp-block-cover__inner-container has-global-padding is-layout-constrained wp-container-core-cover-is-layout-c8ff9538 wp-block-cover-is-layout-constrained\">\n<div class=\"wp-block-group has-dlab-dark-grey-background-color has-background has-global-padding is-layout-constrained wp-container-core-group-is-layout-7e0c4b18 wp-block-group-is-layout-constrained\" style=\"margin-top:0;margin-bottom:0;padding-top:var(--wp--preset--spacing--40);padding-right:var(--wp--preset--spacing--60);padding-bottom:var(--wp--preset--spacing--40);padding-left:var(--wp--preset--spacing--60)\">\n<h2 class=\"wp-block-heading has-text-align-left has-white-color has-text-color has-link-color has-large-font-size wp-elements-0f7fc0727a4d414006012753f9e3d581\" id=\"h-matilda-sikora\" style=\"margin-top:0;margin-bottom:0;padding-top:var(--wp--preset--spacing--30);padding-bottom:var(--wp--preset--spacing--30)\">Matilda Sikora<\/h2>\n\n\n\n<p class=\"has-white-color has-text-color has-link-color wp-elements-7c391874b2ec662c25cb9a27d2b2d291\" style=\"margin-top:0;margin-bottom:0;padding-top:var(--wp--preset--spacing--40);padding-bottom:0\">CMO<\/p>\n\n\n\n<p class=\"has-dlab-gold-color has-text-color has-link-color wp-elements-6425be079c4683b61d51a28d59fd34f6\" style=\"margin-top:0;margin-bottom:0;padding-top:0;padding-bottom:var(--wp--preset--spacing--40)\"><a href=\"mailto:matilda.sikora@dlaboratory.com\">matilda.sikora@dlaboratory.com<\/a><\/p>\n<\/div>\n<\/div><\/div>\n<\/div>\n\n\n\n<div class=\"wp-block-group wp-container-content-9dbf05af has-global-padding is-content-justification-left is-layout-constrained wp-container-core-group-is-layout-1674117b wp-block-group-is-layout-constrained\" style=\"padding-right:0;padding-left:0\">\n<div class=\"wp-block-cover has-custom-content-position is-position-bottom-center wp-container-content-9cfa9a5a\" style=\"padding-top:0;padding-right:0;padding-bottom:0;padding-left:0;min-height:600px;aspect-ratio:unset;\"><img decoding=\"async\" width=\"600\" height=\"900\" class=\"wp-block-cover__image-background wp-image-2972 lazyload\" alt=\"\" data-src=\"\/wp-content\/uploads\/2024\/01\/David-Folkesson.png\" style=\"--smush-placeholder-width: 600px; --smush-placeholder-aspect-ratio: 600\/900;object-position:48% 57%\" data-object-fit=\"cover\" data-object-position=\"48% 57%\" data-srcset=\"\/wp-content\/uploads\/2024\/01\/David-Folkesson.png 600w, \/wp-content\/uploads\/2024\/01\/David-Folkesson-200x300.png 200w\" data-sizes=\"(max-width: 600px) 100vw, 600px\" src=\"data:image\/svg+xml;base64,PHN2ZyB3aWR0aD0iMSIgaGVpZ2h0PSIxIiB4bWxucz0iaHR0cDovL3d3dy53My5vcmcvMjAwMC9zdmciPjwvc3ZnPg==\" \/><span aria-hidden=\"true\" class=\"wp-block-cover__background has-background-dim-0 has-background-dim\"><\/span><div class=\"wp-block-cover__inner-container has-global-padding is-layout-constrained wp-container-core-cover-is-layout-c8ff9538 wp-block-cover-is-layout-constrained\">\n<div class=\"wp-block-group has-dlab-dark-grey-background-color has-background has-global-padding is-layout-constrained wp-container-core-group-is-layout-7e0c4b18 wp-block-group-is-layout-constrained\" style=\"margin-top:0;margin-bottom:0;padding-top:var(--wp--preset--spacing--40);padding-right:var(--wp--preset--spacing--60);padding-bottom:var(--wp--preset--spacing--40);padding-left:var(--wp--preset--spacing--60)\">\n<h2 class=\"wp-block-heading has-text-align-left has-white-color has-text-color has-link-color has-large-font-size wp-elements-c84325791a7fdecc44bbbf9e21d33c6a\" id=\"h-david-folkesson\" style=\"margin-top:0;margin-bottom:0;padding-top:var(--wp--preset--spacing--30);padding-bottom:var(--wp--preset--spacing--30)\">David Folkesson<\/h2>\n\n\n\n<p class=\"has-white-color has-text-color has-link-color wp-elements-0edd27388d3b45663d31bc05b926c299\" style=\"margin-top:0;margin-bottom:0;padding-top:var(--wp--preset--spacing--40);padding-bottom:0\">CFO<\/p>\n\n\n\n<p class=\"has-dlab-gold-color has-text-color has-link-color wp-elements-3a8cfec98a3a5b4cb970cc33930caf76\" style=\"margin-top:0;margin-bottom:0;padding-top:0;padding-bottom:var(--wp--preset--spacing--40)\"><a href=\"mailto:david.folkesson@dlaboratory.com\">david.folkesson@dlaboratory.com<\/a><\/p>\n<\/div>\n<\/div><\/div>\n<\/div>\n<\/div>\n<\/div>\n\n\n\n<div class=\"wp-block-column is-layout-flow wp-block-column-is-layout-flow\" style=\"flex-basis:5%\"><\/div>\n<\/div>\n","protected":false},"excerpt":{"rendered":"<p>Vi skulle g\u00e4rna viljah\u00f6ra fr\u00e5n dig \u00c4r du intresserad av att boka en demo eller f\u00e5 mer information? Skriv till oss och ber\u00e4tta vad du undrar \u00f6ver.<\/p>\n","protected":false},"author":1,"featured_media":0,"parent":0,"menu_order":0,"comment_status":"closed","ping_status":"closed","template":"","meta":{"content-type":"","footnotes":""},"class_list":["post-1813","page","type-page","status-publish","hentry"],"yoast_head":"<!-- This site is optimized with the Yoast SEO Premium plugin v27.4 (Yoast SEO v27.4) - https:\/\/yoast.com\/product\/yoast-seo-premium-wordpress\/ -->\n<title>Kontakta oss - dlab<\/title>\n<meta name=\"robots\" content=\"index, follow, max-snippet:-1, max-image-preview:large, max-video-preview:-1\" \/>\n<link rel=\"canonical\" href=\"https:\/\/dlaboratory.com\/sv\/contact\/\" \/>\n<meta property=\"og:locale\" content=\"sv_SE\" \/>\n<meta property=\"og:type\" content=\"article\" \/>\n<meta property=\"og:title\" content=\"Kontakta oss\" \/>\n<meta property=\"og:description\" content=\"Vi skulle g\u00e4rna viljah\u00f6ra fr\u00e5n dig \u00c4r du intresserad av att boka en demo eller f\u00e5 mer information? Skriv till oss och ber\u00e4tta vad du undrar \u00f6ver.\" \/>\n<meta property=\"og:url\" content=\"https:\/\/dlaboratory.com\/sv\/contact\/\" \/>\n<meta property=\"og:site_name\" content=\"dlab\" \/>\n<meta property=\"article:modified_time\" content=\"2026-02-27T09:05:00+00:00\" \/>\n<meta name=\"twitter:card\" content=\"summary_large_image\" \/>\n<meta name=\"twitter:label1\" content=\"Ber\u00e4knad l\u00e4stid\" \/>\n\t<meta name=\"twitter:data1\" content=\"2 minuter\" \/>\n<script type=\"application\/ld+json\" class=\"yoast-schema-graph\">{\"@context\":\"https:\\\/\\\/schema.org\",\"@graph\":[{\"@type\":\"WebPage\",\"@id\":\"https:\\\/\\\/dlaboratory.com\\\/sv\\\/contact\\\/\",\"url\":\"https:\\\/\\\/dlaboratory.com\\\/sv\\\/contact\\\/\",\"name\":\"Kontakta oss - dlab\",\"isPartOf\":{\"@id\":\"https:\\\/\\\/www.dlaboratory.com\\\/sv\\\/#website\"},\"datePublished\":\"2023-12-21T07:45:19+00:00\",\"dateModified\":\"2026-02-27T09:05:00+00:00\",\"breadcrumb\":{\"@id\":\"https:\\\/\\\/dlaboratory.com\\\/sv\\\/contact\\\/#breadcrumb\"},\"inLanguage\":\"sv-SE\",\"potentialAction\":[{\"@type\":\"ReadAction\",\"target\":[\"https:\\\/\\\/dlaboratory.com\\\/sv\\\/contact\\\/\"]}]},{\"@type\":\"BreadcrumbList\",\"@id\":\"https:\\\/\\\/dlaboratory.com\\\/sv\\\/contact\\\/#breadcrumb\",\"itemListElement\":[{\"@type\":\"ListItem\",\"position\":1,\"name\":\"Home\",\"item\":\"https:\\\/\\\/dlaboratory.com\\\/sv\\\/\"},{\"@type\":\"ListItem\",\"position\":2,\"name\":\"Kontakta oss\"}]},{\"@type\":\"WebSite\",\"@id\":\"https:\\\/\\\/www.dlaboratory.com\\\/sv\\\/#website\",\"url\":\"https:\\\/\\\/www.dlaboratory.com\\\/sv\\\/\",\"name\":\"dLab\",\"description\":\"\",\"publisher\":{\"@id\":\"https:\\\/\\\/www.dlaboratory.com\\\/sv\\\/#organization\"},\"potentialAction\":[{\"@type\":\"SearchAction\",\"target\":{\"@type\":\"EntryPoint\",\"urlTemplate\":\"https:\\\/\\\/www.dlaboratory.com\\\/sv\\\/?s={search_term_string}\"},\"query-input\":{\"@type\":\"PropertyValueSpecification\",\"valueRequired\":true,\"valueName\":\"search_term_string\"}}],\"inLanguage\":\"sv-SE\"},{\"@type\":\"Organization\",\"@id\":\"https:\\\/\\\/www.dlaboratory.com\\\/sv\\\/#organization\",\"name\":\"dLab\",\"url\":\"https:\\\/\\\/www.dlaboratory.com\\\/sv\\\/\",\"logo\":{\"@type\":\"ImageObject\",\"inLanguage\":\"sv-SE\",\"@id\":\"https:\\\/\\\/www.dlaboratory.com\\\/sv\\\/#\\\/schema\\\/logo\\\/image\\\/\",\"url\":\"\\\/wp-content\\\/uploads\\\/2023\\\/12\\\/dlab_logo_transparent_white-1.png\",\"contentUrl\":\"\\\/wp-content\\\/uploads\\\/2023\\\/12\\\/dlab_logo_transparent_white-1.png\",\"width\":4721,\"height\":2167,\"caption\":\"dLab\"},\"image\":{\"@id\":\"https:\\\/\\\/www.dlaboratory.com\\\/sv\\\/#\\\/schema\\\/logo\\\/image\\\/\"}}]}<\/script>\n<!-- \/ Yoast SEO Premium plugin. -->","yoast_head_json":{"title":"Kontakta oss - dlab","robots":{"index":"index","follow":"follow","max-snippet":"max-snippet:-1","max-image-preview":"max-image-preview:large","max-video-preview":"max-video-preview:-1"},"canonical":"https:\/\/dlaboratory.com\/sv\/contact\/","og_locale":"sv_SE","og_type":"article","og_title":"Kontakta oss","og_description":"Vi skulle g\u00e4rna viljah\u00f6ra fr\u00e5n dig \u00c4r du intresserad av att boka en demo eller f\u00e5 mer information? Skriv till oss och ber\u00e4tta vad du undrar \u00f6ver.","og_url":"https:\/\/dlaboratory.com\/sv\/contact\/","og_site_name":"dlab","article_modified_time":"2026-02-27T09:05:00+00:00","twitter_card":"summary_large_image","twitter_misc":{"Ber\u00e4knad l\u00e4stid":"2 minuter"},"schema":{"@context":"https:\/\/schema.org","@graph":[{"@type":"WebPage","@id":"https:\/\/dlaboratory.com\/sv\/contact\/","url":"https:\/\/dlaboratory.com\/sv\/contact\/","name":"Kontakta oss - dlab","isPartOf":{"@id":"https:\/\/www.dlaboratory.com\/sv\/#website"},"datePublished":"2023-12-21T07:45:19+00:00","dateModified":"2026-02-27T09:05:00+00:00","breadcrumb":{"@id":"https:\/\/dlaboratory.com\/sv\/contact\/#breadcrumb"},"inLanguage":"sv-SE","potentialAction":[{"@type":"ReadAction","target":["https:\/\/dlaboratory.com\/sv\/contact\/"]}]},{"@type":"BreadcrumbList","@id":"https:\/\/dlaboratory.com\/sv\/contact\/#breadcrumb","itemListElement":[{"@type":"ListItem","position":1,"name":"Home","item":"https:\/\/dlaboratory.com\/sv\/"},{"@type":"ListItem","position":2,"name":"Kontakta oss"}]},{"@type":"WebSite","@id":"https:\/\/www.dlaboratory.com\/sv\/#website","url":"https:\/\/www.dlaboratory.com\/sv\/","name":"dLab","description":"","publisher":{"@id":"https:\/\/www.dlaboratory.com\/sv\/#organization"},"potentialAction":[{"@type":"SearchAction","target":{"@type":"EntryPoint","urlTemplate":"https:\/\/www.dlaboratory.com\/sv\/?s={search_term_string}"},"query-input":{"@type":"PropertyValueSpecification","valueRequired":true,"valueName":"search_term_string"}}],"inLanguage":"sv-SE"},{"@type":"Organization","@id":"https:\/\/www.dlaboratory.com\/sv\/#organization","name":"dLab","url":"https:\/\/www.dlaboratory.com\/sv\/","logo":{"@type":"ImageObject","inLanguage":"sv-SE","@id":"https:\/\/www.dlaboratory.com\/sv\/#\/schema\/logo\/image\/","url":"\/wp-content\/uploads\/2023\/12\/dlab_logo_transparent_white-1.png","contentUrl":"\/wp-content\/uploads\/2023\/12\/dlab_logo_transparent_white-1.png","width":4721,"height":2167,"caption":"dLab"},"image":{"@id":"https:\/\/www.dlaboratory.com\/sv\/#\/schema\/logo\/image\/"}}]}},"_links":{"self":[{"href":"https:\/\/dlaboratory.com\/sv\/wp-json\/wp\/v2\/pages\/1813","targetHints":{"allow":["GET"]}}],"collection":[{"href":"https:\/\/dlaboratory.com\/sv\/wp-json\/wp\/v2\/pages"}],"about":[{"href":"https:\/\/dlaboratory.com\/sv\/wp-json\/wp\/v2\/types\/page"}],"author":[{"embeddable":true,"href":"https:\/\/dlaboratory.com\/sv\/wp-json\/wp\/v2\/users\/1"}],"replies":[{"embeddable":true,"href":"https:\/\/dlaboratory.com\/sv\/wp-json\/wp\/v2\/comments?post=1813"}],"version-history":[{"count":14,"href":"https:\/\/dlaboratory.com\/sv\/wp-json\/wp\/v2\/pages\/1813\/revisions"}],"predecessor-version":[{"id":4783,"href":"https:\/\/dlaboratory.com\/sv\/wp-json\/wp\/v2\/pages\/1813\/revisions\/4783"}],"wp:attachment":[{"href":"https:\/\/dlaboratory.com\/sv\/wp-json\/wp\/v2\/media?parent=1813"}],"curies":[{"name":"wp","href":"https:\/\/api.w.org\/{rel}","templated":true}]}}