{"id":1811,"date":"2023-12-21T11:49:49","date_gmt":"2023-12-21T11:49:49","guid":{"rendered":"https:\/\/site.dlaboratory.com\/om-oss\/"},"modified":"2024-01-18T15:02:02","modified_gmt":"2024-01-18T15:02:02","slug":"about","status":"publish","type":"page","link":"https:\/\/dlaboratory.com\/sv\/about\/","title":{"rendered":"Om oss"},"content":{"rendered":"\n<div class=\"wp-block-columns alignwide full-height has-dlab-dark-grey-background-color has-background is-layout-flex wp-container-core-columns-is-layout-19a16b37 wp-block-columns-is-layout-flex\" id=\"visibleMenu\" style=\"margin-top:0;margin-bottom:0;padding-top:var(--wp--preset--spacing--80);padding-right:0;padding-left:0\">\n<div class=\"wp-block-column is-vertically-aligned-stretch background-grid-grey has-white-color has-text-color has-link-color wp-elements-736aa04df582576878eb605184c57919 is-layout-flow wp-container-core-column-is-layout-a5275925 wp-block-column-is-layout-flow\" style=\"padding-right:var(--wp--preset--spacing--50);padding-left:var(--wp--preset--spacing--50);flex-basis:50%\">\n<div class=\"wp-block-group has-global-padding is-layout-constrained wp-container-core-group-is-layout-e32fab63 wp-block-group-is-layout-constrained\" style=\"padding-top:var(--wp--preset--spacing--80);padding-right:var(--wp--preset--spacing--40);padding-bottom:var(--wp--preset--spacing--80);padding-left:var(--wp--preset--spacing--40)\">\n<h1 class=\"wp-block-heading has-xx-large-font-size\" id=\"h-from-research-project-to-dlaboratory-sweden-ab\">Fr\u00e5n forsknings\u00ad\u00ad\u00adprojekt till <span style=\"color: #028389 \">dLaboratory Sweden AB<\/span><\/h1>\n<\/div>\n<\/div>\n\n\n\n<div class=\"wp-block-column is-layout-flow wp-block-column-is-layout-flow\" style=\"padding-right:var(--wp--preset--spacing--50);padding-left:var(--wp--preset--spacing--50);flex-basis:50%\">\n<div class=\"wp-block-group has-global-padding is-content-justification-left is-layout-constrained wp-container-core-group-is-layout-a0ff1c6d wp-block-group-is-layout-constrained\" style=\"border-left-style:none;border-left-width:0px;margin-top:var(--wp--preset--spacing--70);padding-top:0;padding-right:var(--wp--preset--spacing--40);padding-bottom:0;padding-left:var(--wp--preset--spacing--80)\">\n<h3 class=\"wp-block-heading has-dlab-gold-color has-text-color has-link-color has-x-large-font-size wp-elements-b8fdccf1fa48433696ee5cee6d24eeaf\" id=\"h-how-we-got-here\" style=\"margin-bottom:0;margin-left:0;padding-bottom:var(--wp--preset--spacing--50);padding-left:0\">V\u00e4gen hit<\/h3>\n\n\n\n<div class=\"wp-block-group has-global-padding is-content-justification-left is-layout-constrained wp-container-core-group-is-layout-6fc91899 wp-block-group-is-layout-constrained\" style=\"border-left-color:var(--wp--preset--color--dlab-gold);border-left-width:2px;padding-top:var(--wp--preset--spacing--50);padding-right:var(--wp--preset--spacing--50);padding-bottom:var(--wp--preset--spacing--60);padding-left:var(--wp--preset--spacing--50)\">\n<h2 class=\"wp-block-heading has-dlab-gold-color has-text-color has-link-color has-large-font-size wp-elements-dedd4686d81829dc34ce283293e8445b\" id=\"h-2007\" style=\"padding-top:0;padding-bottom:0\">2007<\/h2>\n\n\n\n<p class=\"has-white-color has-text-color has-link-color wp-elements-89915a8a2e6937becf63edae8aeb8d53\" style=\"margin-top:var(--wp--preset--spacing--30)\">Forskningsprojektet dLab startas vid Lunds Tekniska H\u00f6gskola.<\/p>\n<\/div>\n\n\n\n<div class=\"wp-block-group display-scroll has-global-padding is-content-justification-left is-layout-constrained wp-container-core-group-is-layout-dcbb335b wp-block-group-is-layout-constrained\" style=\"border-left-color:var(--wp--preset--color--dlab-gold);border-left-width:2px;padding-top:var(--wp--preset--spacing--60);padding-right:var(--wp--preset--spacing--50);padding-bottom:var(--wp--preset--spacing--60);padding-left:var(--wp--preset--spacing--50)\">\n<h2 class=\"wp-block-heading has-dlab-gold-color has-text-color has-link-color has-large-font-size wp-elements-e792fa2b2a657af99fd9871688b998b2\" id=\"h-2013\" style=\"padding-top:0;padding-bottom:0\">2013<\/h2>\n\n\n\n<p class=\"has-white-color has-text-color has-link-color wp-elements-50242c52cf56a22dffa7af4e9ef751cd\" style=\"margin-top:var(--wp--preset--spacing--30)\">dLab f\u00e4rdigst\u00e4ller en molnl\u00f6sning som tar in verkliga h\u00e4ndelser fr\u00e5n eln\u00e4tet. <\/p>\n<\/div>\n\n\n\n<div class=\"wp-block-group display-scroll has-global-padding is-content-justification-left is-layout-constrained wp-container-core-group-is-layout-dcbb335b wp-block-group-is-layout-constrained\" style=\"border-left-color:var(--wp--preset--color--dlab-gold);border-left-width:2px;padding-top:var(--wp--preset--spacing--60);padding-right:var(--wp--preset--spacing--50);padding-bottom:var(--wp--preset--spacing--60);padding-left:var(--wp--preset--spacing--50)\">\n<h2 class=\"wp-block-heading has-dlab-gold-color has-text-color has-link-color has-large-font-size wp-elements-61bf59d1b224598d106536f3fb60ebb3\" id=\"h-2015\" style=\"padding-top:0;padding-bottom:0\">2015<\/h2>\n\n\n\n<p class=\"has-white-color has-text-color has-link-color wp-elements-74af09b62bd028383c1e042914e0b03a\" style=\"margin-top:var(--wp--preset--spacing--30)\">F\u00f6retaget Dlaboratory Sweden AB bildas f\u00f6r att kommersiellt marknadsf\u00f6ra l\u00f6sningen, och de f\u00f6rsta avtalen med kunder tecknas.<\/p>\n<\/div>\n\n\n\n<div class=\"wp-block-group display-scroll has-global-padding is-content-justification-left is-layout-constrained wp-container-core-group-is-layout-dcbb335b wp-block-group-is-layout-constrained\" style=\"border-left-color:var(--wp--preset--color--dlab-gold);border-left-width:2px;padding-top:var(--wp--preset--spacing--60);padding-right:var(--wp--preset--spacing--50);padding-bottom:var(--wp--preset--spacing--60);padding-left:var(--wp--preset--spacing--50)\">\n<h2 class=\"wp-block-heading has-dlab-gold-color has-text-color has-link-color has-large-font-size wp-elements-af8cef6b6d06bc797ebe66f4977f8a71\" id=\"h-2020-0\" style=\"padding-top:0;padding-bottom:0\">2020<\/h2>\n\n\n\n<p class=\"has-white-color has-text-color has-link-color wp-elements-780f78683aa523f5e8f690133b7f50c6\" style=\"margin-top:var(--wp--preset--spacing--30)\">dLab-l\u00f6sningen levereras till v\u00e5r f\u00f6rsta internationella kund.<\/p>\n<\/div>\n\n\n\n<div class=\"wp-block-group display-scroll has-global-padding is-content-justification-left is-layout-constrained wp-container-core-group-is-layout-dcbb335b wp-block-group-is-layout-constrained\" style=\"border-left-color:var(--wp--preset--color--dlab-gold);border-left-width:2px;padding-top:var(--wp--preset--spacing--60);padding-right:var(--wp--preset--spacing--50);padding-bottom:var(--wp--preset--spacing--60);padding-left:var(--wp--preset--spacing--50)\">\n<h2 class=\"wp-block-heading has-dlab-gold-color has-text-color has-link-color has-large-font-size wp-elements-90e4d69750d5cb12b1477e4eb4f68fff\" id=\"h-2021\" style=\"padding-top:0;padding-bottom:0\">2021<\/h2>\n\n\n\n<p class=\"has-white-color has-text-color has-link-color wp-elements-da322caadd71e82960a5cd8e621a69ff\" style=\"margin-top:var(--wp--preset--spacing--30)\">dLab f\u00f6rv\u00e4rvar den svenska n\u00e4tinspektionspartnern Svensk Linjebesiktning och noteras p\u00e5 NASDAQ First North Growth Market.<\/p>\n<\/div>\n\n\n\n<div class=\"wp-block-group display-scroll has-global-padding is-layout-constrained wp-block-group-is-layout-constrained\" style=\"margin-top:0;margin-bottom:0;padding-top:0;padding-bottom:0\">\n<div class=\"wp-block-group has-global-padding is-content-justification-left is-layout-constrained wp-container-core-group-is-layout-aa944d84 wp-block-group-is-layout-constrained\" style=\"border-left-color:var(--wp--preset--color--dlab-gold);border-left-width:2px;padding-top:var(--wp--preset--spacing--60);padding-right:var(--wp--preset--spacing--50);padding-bottom:var(--wp--preset--spacing--20);padding-left:var(--wp--preset--spacing--50)\">\n<h2 class=\"wp-block-heading has-dlab-gold-color has-text-color has-link-color has-large-font-size wp-elements-d7eca99c1c9704461b3734519d8daa38\" id=\"h-2023\" style=\"padding-top:0;padding-bottom:0\">2023<\/h2>\n\n\n\n<p class=\"has-white-color has-text-color has-link-color wp-elements-bb8575102b35e2c6eb82134b628b030c\" style=\"margin-top:var(--wp--preset--spacing--30)\">dLab n\u00e5r en viktig milstolpe genom att s\u00e4kra v\u00e5r f\u00f6rsta industrikund, Swedish Space Corporation<\/p>\n<\/div>\n\n\n\n<div class=\"wp-block-group has-global-padding is-content-justification-left is-layout-constrained wp-container-core-group-is-layout-0d96df0e wp-block-group-is-layout-constrained\" style=\"margin-top:0;margin-bottom:var(--wp--preset--spacing--70);padding-top:0;padding-right:var(--wp--preset--spacing--40);padding-bottom:0;padding-left:0\">\n<div class=\"wp-block-group border-dashed has-global-padding is-content-justification-left is-layout-constrained wp-container-core-group-is-layout-51808830 wp-block-group-is-layout-constrained\" style=\"border-top-style:none;border-top-width:0px;border-right-style:none;border-right-width:0px;border-bottom-style:none;border-bottom-width:0px;border-left-color:var(--wp--preset--color--dlab-gold);border-left-width:2px;min-height:100px;padding-top:var(--wp--preset--spacing--50);padding-right:var(--wp--preset--spacing--50);padding-bottom:var(--wp--preset--spacing--50);padding-left:var(--wp--preset--spacing--50)\"><\/div>\n<\/div>\n<\/div>\n<\/div>\n<\/div>\n<\/div>\n\n<div class=\"wp-block-media-text alignfull has-media-on-the-right is-stacked-on-mobile is-vertically-aligned-center is-image-fill full-height has-white-background-color has-background\" style=\"margin-top:0;margin-right:0;margin-bottom:0;margin-left:0\"><div class=\"wp-block-media-text__content\">\n<div class=\"wp-block-group has-global-padding is-layout-constrained wp-container-core-group-is-layout-11c1ca01 wp-block-group-is-layout-constrained\" style=\"padding-right:var(--wp--preset--spacing--50);padding-left:var(--wp--preset--spacing--50)\">\n<h1 class=\"wp-block-heading has-text-align-left has-black-color has-text-color has-link-color has-xx-large-font-size wp-elements-5b82f8f33cdbb7f0c0aaf200cdbe7614\" id=\"h-world-class-independent-inspection-services\"><span style=\"color:#028389\">Oberoende inspektions\u00adtj\u00e4nster<\/span> i v\u00e4rldsklass<\/h1>\n\n\n\n<p class=\"has-medium-font-size\" style=\"padding-top:0;padding-right:0;padding-bottom:0;padding-left:0\">Under 2021 f\u00f6rv\u00e4rvade dLab den svenska leverant\u00f6ren av inspektionstj\u00e4nster, Svensk Linjebesiktning (SLB). SLB \u00e4r en innovativ, oberoende inspektionspartner f\u00f6r \u00e4gare och operat\u00f6rer av kraft-, telekom- och j\u00e4rnv\u00e4gsinfrastruktur. Ut\u00f6ver traditionella mark- och helikopterbaserade tj\u00e4nster anv\u00e4nder SLB modern dr\u00f6narteknik och termografiteknik f\u00f6r att f\u00f6rse kunderna med opartisk infrastrukturinspektion och utredning. F\u00f6r mer information, v\u00e4nligen bes\u00f6k <a href=\"\">Svensk Linjebesiktning AB<\/a>.   <\/p>\n<\/div>\n<\/div><figure class=\"wp-block-media-text__media lazyload\" style=\"background-image:inherit;background-position:80% 50%\" data-bg-image=\"url(\/wp-content\/uploads\/2024\/01\/slb.jpg)\"><img decoding=\"async\" width=\"1920\" height=\"1440\" data-src=\"\/wp-content\/uploads\/2024\/01\/slb.jpg\" alt=\"\" class=\"wp-image-1368 size-full lazyload\" data-srcset=\"\/wp-content\/uploads\/2024\/01\/slb.jpg 1920w, \/wp-content\/uploads\/2024\/01\/slb-300x225.jpg 300w, \/wp-content\/uploads\/2024\/01\/slb-1024x768.jpg 1024w, \/wp-content\/uploads\/2024\/01\/slb-768x576.jpg 768w, \/wp-content\/uploads\/2024\/01\/slb-1536x1152.jpg 1536w\" data-sizes=\"(max-width: 1920px) 100vw, 1920px\" src=\"data:image\/svg+xml;base64,PHN2ZyB3aWR0aD0iMSIgaGVpZ2h0PSIxIiB4bWxucz0iaHR0cDovL3d3dy53My5vcmcvMjAwMC9zdmciPjwvc3ZnPg==\" style=\"--smush-placeholder-width: 1920px; --smush-placeholder-aspect-ratio: 1920\/1440;\" \/><\/figure><\/div>\n\n<div class=\"wp-block-columns is-layout-flex wp-container-core-columns-is-layout-2d54fda1 wp-block-columns-is-layout-flex\" style=\"padding-top:var(--wp--preset--spacing--50);padding-bottom:var(--wp--preset--spacing--80)\">\n<div class=\"wp-block-column is-layout-flow wp-block-column-is-layout-flow\" style=\"flex-basis:25%\"><\/div>\n\n\n\n<div class=\"wp-block-column is-layout-flow wp-block-column-is-layout-flow\" style=\"padding-right:var(--wp--preset--spacing--50);padding-left:var(--wp--preset--spacing--50);flex-basis:50%\">\n<div class=\"wp-block-group has-global-padding is-layout-constrained wp-container-core-group-is-layout-5b4d3b8f wp-block-group-is-layout-constrained\" style=\"padding-top:var(--wp--preset--spacing--50)\">\n<h1 class=\"wp-block-heading has-text-align-center has-xx-large-font-size\" id=\"h-get-in-touch\" style=\"padding-bottom:0\">Ta kontakt <span style=\"color:#FDAB5F \">med oss<\/span><\/h1>\n\n\n\n<p class=\"has-text-align-center has-medium-font-size\">Uppkopplad teknik och spetskunskap \u00e4r vad som utm\u00e4rker v\u00e5ra l\u00f6sningar och teamet bakom dem. Kontakta oss f\u00f6r att f\u00e5 reda p\u00e5 mer. <\/p>\n\n\n\n<div class=\"wp-block-buttons is-content-justification-center is-layout-flex wp-container-core-buttons-is-layout-a89b3969 wp-block-buttons-is-layout-flex\">\n<div class=\"wp-block-button is-style-outline is-style-outline--1\"><a class=\"wp-block-button__link wp-element-button\" href=\"https:\/\/dlaboratory.com\/sv\/contact\/\"><img decoding=\"async\" width=\"131\" height=\"48\" class=\"wp-image-1016 lazyload\" style=\"--smush-placeholder-width: 131px; --smush-placeholder-aspect-ratio: 131\/48;width: 50px; margin-right:10px; vertical-align:middle;\" data-src=\"\/wp-content\/uploads\/2024\/01\/arrow_.png\" alt=\"\" src=\"data:image\/svg+xml;base64,PHN2ZyB3aWR0aD0iMSIgaGVpZ2h0PSIxIiB4bWxucz0iaHR0cDovL3d3dy53My5vcmcvMjAwMC9zdmciPjwvc3ZnPg==\" \/><span style=\"vertical-align:middle\">Kontakta oss<\/span><\/a><\/div>\n<\/div>\n<\/div>\n<\/div>\n\n\n\n<div class=\"wp-block-column is-vertically-aligned-stretch is-layout-flow wp-block-column-is-layout-flow\" style=\"flex-basis:25%\"><\/div>\n<\/div>\n","protected":false},"excerpt":{"rendered":"<p>Fr\u00e5n forsknings\u00ad\u00ad\u00adprojekt till dLaboratory Sweden AB V\u00e4gen hit 2007 Forskningsprojektet dLab startas vid Lunds Tekniska H\u00f6gskola. 2013 dLab f\u00e4rdigst\u00e4ller en molnl\u00f6sning som tar in verkliga h\u00e4ndelser fr\u00e5n eln\u00e4tet. 2015 F\u00f6retaget Dlaboratory Sweden AB bildas f\u00f6r att kommersiellt marknadsf\u00f6ra l\u00f6sningen, och de f\u00f6rsta avtalen med kunder tecknas. 2020 dLab-l\u00f6sningen levereras till v\u00e5r f\u00f6rsta internationella kund. 2021 [&hellip;]<\/p>\n","protected":false},"author":1,"featured_media":0,"parent":0,"menu_order":0,"comment_status":"closed","ping_status":"closed","template":"","meta":{"content-type":"","footnotes":""},"class_list":["post-1811","page","type-page","status-publish","hentry"],"yoast_head":"<!-- This site is optimized with the Yoast SEO Premium plugin v26.9 (Yoast SEO v26.9) - https:\/\/yoast.com\/product\/yoast-seo-premium-wordpress\/ -->\n<title>Om oss - dlab<\/title>\n<meta name=\"robots\" content=\"index, follow, max-snippet:-1, max-image-preview:large, max-video-preview:-1\" \/>\n<link rel=\"canonical\" href=\"https:\/\/dlaboratory.com\/sv\/about\/\" \/>\n<meta property=\"og:locale\" content=\"sv_SE\" \/>\n<meta property=\"og:type\" content=\"article\" \/>\n<meta property=\"og:title\" content=\"Om oss\" \/>\n<meta property=\"og:description\" content=\"Fr\u00e5n forsknings\u00ad\u00ad\u00adprojekt till dLaboratory Sweden AB V\u00e4gen hit 2007 Forskningsprojektet dLab startas vid Lunds Tekniska H\u00f6gskola. 2013 dLab f\u00e4rdigst\u00e4ller en molnl\u00f6sning som tar in verkliga h\u00e4ndelser fr\u00e5n eln\u00e4tet. 2015 F\u00f6retaget Dlaboratory Sweden AB bildas f\u00f6r att kommersiellt marknadsf\u00f6ra l\u00f6sningen, och de f\u00f6rsta avtalen med kunder tecknas. 2020 dLab-l\u00f6sningen levereras till v\u00e5r f\u00f6rsta internationella kund. 2021 [&hellip;]\" \/>\n<meta property=\"og:url\" content=\"https:\/\/dlaboratory.com\/sv\/about\/\" \/>\n<meta property=\"og:site_name\" content=\"dlab\" \/>\n<meta property=\"article:modified_time\" content=\"2024-01-18T15:02:02+00:00\" \/>\n<meta name=\"twitter:card\" content=\"summary_large_image\" \/>\n<meta name=\"twitter:label1\" content=\"Ber\u00e4knad l\u00e4stid\" \/>\n\t<meta name=\"twitter:data1\" content=\"1 minut\" \/>\n<script type=\"application\/ld+json\" class=\"yoast-schema-graph\">{\"@context\":\"https:\/\/schema.org\",\"@graph\":[{\"@type\":\"WebPage\",\"@id\":\"https:\/\/dlaboratory.com\/sv\/about\/\",\"url\":\"https:\/\/dlaboratory.com\/sv\/about\/\",\"name\":\"Om oss - dlab\",\"isPartOf\":{\"@id\":\"https:\/\/www.dlaboratory.com\/sv\/#website\"},\"datePublished\":\"2023-12-21T11:49:49+00:00\",\"dateModified\":\"2024-01-18T15:02:02+00:00\",\"breadcrumb\":{\"@id\":\"https:\/\/dlaboratory.com\/sv\/about\/#breadcrumb\"},\"inLanguage\":\"sv-SE\",\"potentialAction\":[{\"@type\":\"ReadAction\",\"target\":[\"https:\/\/dlaboratory.com\/sv\/about\/\"]}]},{\"@type\":\"BreadcrumbList\",\"@id\":\"https:\/\/dlaboratory.com\/sv\/about\/#breadcrumb\",\"itemListElement\":[{\"@type\":\"ListItem\",\"position\":1,\"name\":\"Home\",\"item\":\"https:\/\/dlaboratory.com\/sv\/\"},{\"@type\":\"ListItem\",\"position\":2,\"name\":\"Om oss\"}]},{\"@type\":\"WebSite\",\"@id\":\"https:\/\/www.dlaboratory.com\/sv\/#website\",\"url\":\"https:\/\/www.dlaboratory.com\/sv\/\",\"name\":\"dLab\",\"description\":\"\",\"publisher\":{\"@id\":\"https:\/\/www.dlaboratory.com\/sv\/#organization\"},\"potentialAction\":[{\"@type\":\"SearchAction\",\"target\":{\"@type\":\"EntryPoint\",\"urlTemplate\":\"https:\/\/www.dlaboratory.com\/sv\/?s={search_term_string}\"},\"query-input\":{\"@type\":\"PropertyValueSpecification\",\"valueRequired\":true,\"valueName\":\"search_term_string\"}}],\"inLanguage\":\"sv-SE\"},{\"@type\":\"Organization\",\"@id\":\"https:\/\/www.dlaboratory.com\/sv\/#organization\",\"name\":\"dLab\",\"url\":\"https:\/\/www.dlaboratory.com\/sv\/\",\"logo\":{\"@type\":\"ImageObject\",\"inLanguage\":\"sv-SE\",\"@id\":\"https:\/\/www.dlaboratory.com\/sv\/#\/schema\/logo\/image\/\",\"url\":\"\/wp-content\/uploads\/2023\/12\/dlab_logo_transparent_white-1.png\",\"contentUrl\":\"\/wp-content\/uploads\/2023\/12\/dlab_logo_transparent_white-1.png\",\"width\":4721,\"height\":2167,\"caption\":\"dLab\"},\"image\":{\"@id\":\"https:\/\/www.dlaboratory.com\/sv\/#\/schema\/logo\/image\/\"}}]}<\/script>\n<!-- \/ Yoast SEO Premium plugin. -->","yoast_head_json":{"title":"Om oss - dlab","robots":{"index":"index","follow":"follow","max-snippet":"max-snippet:-1","max-image-preview":"max-image-preview:large","max-video-preview":"max-video-preview:-1"},"canonical":"https:\/\/dlaboratory.com\/sv\/about\/","og_locale":"sv_SE","og_type":"article","og_title":"Om oss","og_description":"Fr\u00e5n forsknings\u00ad\u00ad\u00adprojekt till dLaboratory Sweden AB V\u00e4gen hit 2007 Forskningsprojektet dLab startas vid Lunds Tekniska H\u00f6gskola. 2013 dLab f\u00e4rdigst\u00e4ller en molnl\u00f6sning som tar in verkliga h\u00e4ndelser fr\u00e5n eln\u00e4tet. 2015 F\u00f6retaget Dlaboratory Sweden AB bildas f\u00f6r att kommersiellt marknadsf\u00f6ra l\u00f6sningen, och de f\u00f6rsta avtalen med kunder tecknas. 2020 dLab-l\u00f6sningen levereras till v\u00e5r f\u00f6rsta internationella kund. 2021 [&hellip;]","og_url":"https:\/\/dlaboratory.com\/sv\/about\/","og_site_name":"dlab","article_modified_time":"2024-01-18T15:02:02+00:00","twitter_card":"summary_large_image","twitter_misc":{"Ber\u00e4knad l\u00e4stid":"1 minut"},"schema":{"@context":"https:\/\/schema.org","@graph":[{"@type":"WebPage","@id":"https:\/\/dlaboratory.com\/sv\/about\/","url":"https:\/\/dlaboratory.com\/sv\/about\/","name":"Om oss - dlab","isPartOf":{"@id":"https:\/\/www.dlaboratory.com\/sv\/#website"},"datePublished":"2023-12-21T11:49:49+00:00","dateModified":"2024-01-18T15:02:02+00:00","breadcrumb":{"@id":"https:\/\/dlaboratory.com\/sv\/about\/#breadcrumb"},"inLanguage":"sv-SE","potentialAction":[{"@type":"ReadAction","target":["https:\/\/dlaboratory.com\/sv\/about\/"]}]},{"@type":"BreadcrumbList","@id":"https:\/\/dlaboratory.com\/sv\/about\/#breadcrumb","itemListElement":[{"@type":"ListItem","position":1,"name":"Home","item":"https:\/\/dlaboratory.com\/sv\/"},{"@type":"ListItem","position":2,"name":"Om oss"}]},{"@type":"WebSite","@id":"https:\/\/www.dlaboratory.com\/sv\/#website","url":"https:\/\/www.dlaboratory.com\/sv\/","name":"dLab","description":"","publisher":{"@id":"https:\/\/www.dlaboratory.com\/sv\/#organization"},"potentialAction":[{"@type":"SearchAction","target":{"@type":"EntryPoint","urlTemplate":"https:\/\/www.dlaboratory.com\/sv\/?s={search_term_string}"},"query-input":{"@type":"PropertyValueSpecification","valueRequired":true,"valueName":"search_term_string"}}],"inLanguage":"sv-SE"},{"@type":"Organization","@id":"https:\/\/www.dlaboratory.com\/sv\/#organization","name":"dLab","url":"https:\/\/www.dlaboratory.com\/sv\/","logo":{"@type":"ImageObject","inLanguage":"sv-SE","@id":"https:\/\/www.dlaboratory.com\/sv\/#\/schema\/logo\/image\/","url":"\/wp-content\/uploads\/2023\/12\/dlab_logo_transparent_white-1.png","contentUrl":"\/wp-content\/uploads\/2023\/12\/dlab_logo_transparent_white-1.png","width":4721,"height":2167,"caption":"dLab"},"image":{"@id":"https:\/\/www.dlaboratory.com\/sv\/#\/schema\/logo\/image\/"}}]}},"_links":{"self":[{"href":"https:\/\/dlaboratory.com\/sv\/wp-json\/wp\/v2\/pages\/1811","targetHints":{"allow":["GET"]}}],"collection":[{"href":"https:\/\/dlaboratory.com\/sv\/wp-json\/wp\/v2\/pages"}],"about":[{"href":"https:\/\/dlaboratory.com\/sv\/wp-json\/wp\/v2\/types\/page"}],"author":[{"embeddable":true,"href":"https:\/\/dlaboratory.com\/sv\/wp-json\/wp\/v2\/users\/1"}],"replies":[{"embeddable":true,"href":"https:\/\/dlaboratory.com\/sv\/wp-json\/wp\/v2\/comments?post=1811"}],"version-history":[{"count":28,"href":"https:\/\/dlaboratory.com\/sv\/wp-json\/wp\/v2\/pages\/1811\/revisions"}],"predecessor-version":[{"id":2899,"href":"https:\/\/dlaboratory.com\/sv\/wp-json\/wp\/v2\/pages\/1811\/revisions\/2899"}],"wp:attachment":[{"href":"https:\/\/dlaboratory.com\/sv\/wp-json\/wp\/v2\/media?parent=1811"}],"curies":[{"name":"wp","href":"https:\/\/api.w.org\/{rel}","templated":true}]}}