{"id":1804,"date":"2023-12-20T16:01:46","date_gmt":"2023-12-20T16:01:46","guid":{"rendered":"https:\/\/site.dlaboratory.com\/kunskapsbas\/"},"modified":"2025-09-09T08:37:21","modified_gmt":"2025-09-09T08:37:21","slug":"learn","status":"publish","type":"page","link":"https:\/\/dlaboratory.com\/sv\/learn\/","title":{"rendered":"Insikter"},"content":{"rendered":"\n<div class=\"wp-block-media-text alignfull has-media-on-the-right is-stacked-on-mobile is-vertically-aligned-center is-image-fill full-height has-white-background-color has-background\" style=\"margin-top:0;margin-right:0;margin-bottom:0;margin-left:0\"><div class=\"wp-block-media-text__content\">\n<div class=\"wp-block-group has-global-padding is-layout-constrained wp-container-core-group-is-layout-11c1ca01 wp-block-group-is-layout-constrained\" style=\"padding-right:var(--wp--preset--spacing--50);padding-left:var(--wp--preset--spacing--50)\">\n<h1 class=\"wp-block-heading has-text-align-left has-black-color has-text-color has-link-color has-xx-large-font-size wp-elements-af1000c0b4ef2df54b9f60797016c8eb\" id=\"h-explore-all-there-is-to-know\"><strong><span style=\"color:#028389\">Utforska allt<\/span> som finns att veta<\/strong><\/h1>\n\n\n\n<p class=\"has-medium-font-size\" style=\"padding-top:0;padding-right:0;padding-bottom:0;padding-left:0\">Vi \u00e4r ingenj\u00f6rer och innovat\u00f6rer, och d\u00e4rf\u00f6r har forskning och kunskapsdelning alltid varit centralt f\u00f6r v\u00e5rt arbete p\u00e5 dLab. Ta en titt p\u00e5 v\u00e5ra FAQs, webbseminarier och blogg f\u00f6r att l\u00e4ra dig mer om v\u00e5r l\u00f6sning.<\/p>\n\n\n\n<div class=\"wp-block-columns is-layout-flex wp-container-core-columns-is-layout-28f84493 wp-block-columns-is-layout-flex\">\n<div class=\"wp-block-column is-vertically-aligned-top is-layout-flow wp-container-core-column-is-layout-92d440f1 wp-block-column-is-layout-flow\" style=\"padding-top:0;padding-bottom:0\">\n<div class=\"wp-block-buttons is-layout-flex wp-container-core-buttons-is-layout-b1be9532 wp-block-buttons-is-layout-flex\" style=\"margin-top:var(--wp--preset--spacing--30);margin-bottom:var(--wp--preset--spacing--30)\">\n<div class=\"wp-block-button has-custom-width wp-block-button__width-100 is-style-outline is-style-outline--1\"><a class=\"wp-block-button__link wp-element-button\" href=\"https:\/\/dlaboratory.com\/sv\/learn\/faq\/\" style=\"padding-right:0;padding-left:0\"><img decoding=\"async\" width=\"131\" height=\"48\" class=\"wp-image-1016 lazyload\" style=\"--smush-placeholder-width: 131px; --smush-placeholder-aspect-ratio: 131\/48;width: 50px; margin-right:10px; vertical-align:middle;\" data-src=\"\/wp-content\/uploads\/2024\/01\/arrow_.png\" alt=\"\" src=\"data:image\/svg+xml;base64,PHN2ZyB3aWR0aD0iMSIgaGVpZ2h0PSIxIiB4bWxucz0iaHR0cDovL3d3dy53My5vcmcvMjAwMC9zdmciPjwvc3ZnPg==\" \/><span style=\"vertical-align:middle\">FAQs<\/span><\/a><\/div>\n<\/div>\n\n\n\n<div class=\"wp-block-buttons is-layout-flex wp-container-core-buttons-is-layout-1d3825d2 wp-block-buttons-is-layout-flex\" style=\"margin-top:var(--wp--preset--spacing--30);margin-bottom:0\">\n<div class=\"wp-block-button has-custom-width wp-block-button__width-100 is-style-outline is-style-outline--2\"><a class=\"wp-block-button__link wp-element-button\" href=\"https:\/\/dlaboratory.com\/sv\/learn\/blog\/\" style=\"padding-right:0;padding-left:0\"><img decoding=\"async\" width=\"131\" height=\"48\" class=\"wp-image-1016 lazyload\" style=\"--smush-placeholder-width: 131px; --smush-placeholder-aspect-ratio: 131\/48;width: 50px; margin-right:10px; vertical-align:middle;\" data-src=\"\/wp-content\/uploads\/2024\/01\/arrow_.png\" alt=\"\" src=\"data:image\/svg+xml;base64,PHN2ZyB3aWR0aD0iMSIgaGVpZ2h0PSIxIiB4bWxucz0iaHR0cDovL3d3dy53My5vcmcvMjAwMC9zdmciPjwvc3ZnPg==\" \/><span style=\"vertical-align:middle\">Blogg<\/span><\/a><\/div>\n<\/div>\n<\/div>\n\n\n\n<div class=\"wp-block-column is-vertically-aligned-top is-layout-flow wp-block-column-is-layout-flow\">\n<div class=\"wp-block-buttons is-layout-flex wp-container-core-buttons-is-layout-93151c5c wp-block-buttons-is-layout-flex\" style=\"margin-top:var(--wp--preset--spacing--20);margin-bottom:var(--wp--preset--spacing--30)\">\n<div class=\"wp-block-button has-custom-width wp-block-button__width-100 is-style-outline is-style-outline--3\"><a class=\"wp-block-button__link wp-element-button\" href=\"https:\/\/dlaboratory.com\/sv\/learn\/webinar\/\" style=\"padding-right:0;padding-left:0\"><img decoding=\"async\" width=\"131\" height=\"48\" class=\"wp-image-1016 lazyload\" style=\"--smush-placeholder-width: 131px; --smush-placeholder-aspect-ratio: 131\/48;width: 50px; margin-right:10px; vertical-align:middle;\" data-src=\"\/wp-content\/uploads\/2024\/01\/arrow_.png\" alt=\"\" src=\"data:image\/svg+xml;base64,PHN2ZyB3aWR0aD0iMSIgaGVpZ2h0PSIxIiB4bWxucz0iaHR0cDovL3d3dy53My5vcmcvMjAwMC9zdmciPjwvc3ZnPg==\" \/><span style=\"vertical-align:middle\">Webbinarium<\/span><\/a><\/div>\n<\/div>\n<\/div>\n<\/div>\n<\/div>\n<\/div><figure class=\"wp-block-media-text__media lazyload\" style=\"background-image:inherit;background-position:50% 50%\" data-bg-image=\"url(\/wp-content\/uploads\/2023\/12\/499519738_opt.jpg)\"><img decoding=\"async\" width=\"1920\" height=\"1280\" data-src=\"\/wp-content\/uploads\/2023\/12\/499519738_opt.jpg\" alt=\"\" class=\"wp-image-352 size-full lazyload\" data-srcset=\"\/wp-content\/uploads\/2023\/12\/499519738_opt.jpg 1920w, \/wp-content\/uploads\/2023\/12\/499519738_opt-300x200.jpg 300w, \/wp-content\/uploads\/2023\/12\/499519738_opt-1024x683.jpg 1024w, \/wp-content\/uploads\/2023\/12\/499519738_opt-768x512.jpg 768w, \/wp-content\/uploads\/2023\/12\/499519738_opt-1536x1024.jpg 1536w\" data-sizes=\"(max-width: 1920px) 100vw, 1920px\" src=\"data:image\/svg+xml;base64,PHN2ZyB3aWR0aD0iMSIgaGVpZ2h0PSIxIiB4bWxucz0iaHR0cDovL3d3dy53My5vcmcvMjAwMC9zdmciPjwvc3ZnPg==\" style=\"--smush-placeholder-width: 1920px; --smush-placeholder-aspect-ratio: 1920\/1280;\" \/><\/figure><\/div>\n\n<div class=\"wp-block-columns alignwide is-layout-flex wp-container-core-columns-is-layout-2d54fda1 wp-block-columns-is-layout-flex\" style=\"padding-top:var(--wp--preset--spacing--50);padding-bottom:var(--wp--preset--spacing--80)\">\n<div class=\"wp-block-column is-layout-flow wp-block-column-is-layout-flow\" style=\"flex-basis:25%\"><\/div>\n\n\n\n<div class=\"wp-block-column is-layout-flow wp-block-column-is-layout-flow\" style=\"padding-right:var(--wp--preset--spacing--50);padding-left:var(--wp--preset--spacing--50);flex-basis:50%\">\n<div class=\"wp-block-group has-global-padding is-layout-constrained wp-block-group-is-layout-constrained\" style=\"padding-top:var(--wp--preset--spacing--50)\">\n<h2 class=\"wp-block-heading has-text-align-center has-xx-large-font-size\" id=\"h-las-var-produkt-information\" style=\"padding-bottom:0\">L\u00e4s v\u00e5r <span style=\"color:#FDAB5F \">produkt\u00adinformation<\/span><\/h2>\n\n\n\n<p class=\"has-text-align-center has-medium-font-size\">Ta ditt f\u00f6rsta steg mot enklare och s\u00e4krare beslutsfattande, kostnadsbesparingar och daglig drift.<\/p>\n\n\n\n<div class=\"wp-block-buttons is-content-justification-center is-layout-flex wp-container-core-buttons-is-layout-a89b3969 wp-block-buttons-is-layout-flex\">\n<div class=\"wp-block-button is-style-outline is-style-outline--4\"><a class=\"wp-block-button__link wp-element-button\" href=\"https:\/\/dlaboratory.com\/sv\/product-brief\/\"><img decoding=\"async\" width=\"131\" height=\"48\" class=\"wp-image-1016 lazyload\" style=\"--smush-placeholder-width: 131px; --smush-placeholder-aspect-ratio: 131\/48;width: 50px; margin-right:10px; vertical-align:middle;\" data-src=\"\/wp-content\/uploads\/2024\/01\/arrow_.png\" alt=\"\" src=\"data:image\/svg+xml;base64,PHN2ZyB3aWR0aD0iMSIgaGVpZ2h0PSIxIiB4bWxucz0iaHR0cDovL3d3dy53My5vcmcvMjAwMC9zdmciPjwvc3ZnPg==\"><span style=\"vertical-align:middle\">Se produktinformation<\/span><\/a><\/div>\n<\/div>\n<\/div>\n<\/div>\n\n\n\n<div class=\"wp-block-column is-vertically-aligned-stretch is-layout-flow wp-block-column-is-layout-flow\" style=\"flex-basis:25%\"><\/div>\n<\/div>\n","protected":false},"excerpt":{"rendered":"","protected":false},"author":1,"featured_media":0,"parent":0,"menu_order":0,"comment_status":"closed","ping_status":"closed","template":"","meta":{"content-type":"","footnotes":""},"class_list":["post-1804","page","type-page","status-publish","hentry"],"yoast_head":"<!-- This site is optimized with the Yoast SEO Premium plugin v26.9 (Yoast SEO v26.9) - https:\/\/yoast.com\/product\/yoast-seo-premium-wordpress\/ -->\n<title>Insikter - dlab<\/title>\n<meta name=\"robots\" content=\"index, follow, max-snippet:-1, max-image-preview:large, max-video-preview:-1\" \/>\n<link rel=\"canonical\" href=\"https:\/\/dlaboratory.com\/sv\/learn\/\" \/>\n<meta property=\"og:locale\" content=\"sv_SE\" \/>\n<meta property=\"og:type\" content=\"article\" \/>\n<meta property=\"og:title\" content=\"Insikter\" \/>\n<meta property=\"og:url\" content=\"https:\/\/dlaboratory.com\/sv\/learn\/\" \/>\n<meta property=\"og:site_name\" content=\"dlab\" \/>\n<meta property=\"article:modified_time\" content=\"2025-09-09T08:37:21+00:00\" \/>\n<meta name=\"twitter:card\" content=\"summary_large_image\" \/>\n<script type=\"application\/ld+json\" class=\"yoast-schema-graph\">{\"@context\":\"https:\/\/schema.org\",\"@graph\":[{\"@type\":\"WebPage\",\"@id\":\"https:\/\/dlaboratory.com\/sv\/learn\/\",\"url\":\"https:\/\/dlaboratory.com\/sv\/learn\/\",\"name\":\"Insikter - dlab\",\"isPartOf\":{\"@id\":\"https:\/\/www.dlaboratory.com\/sv\/#website\"},\"datePublished\":\"2023-12-20T16:01:46+00:00\",\"dateModified\":\"2025-09-09T08:37:21+00:00\",\"breadcrumb\":{\"@id\":\"https:\/\/dlaboratory.com\/sv\/learn\/#breadcrumb\"},\"inLanguage\":\"sv-SE\",\"potentialAction\":[{\"@type\":\"ReadAction\",\"target\":[\"https:\/\/dlaboratory.com\/sv\/learn\/\"]}]},{\"@type\":\"BreadcrumbList\",\"@id\":\"https:\/\/dlaboratory.com\/sv\/learn\/#breadcrumb\",\"itemListElement\":[{\"@type\":\"ListItem\",\"position\":1,\"name\":\"Home\",\"item\":\"https:\/\/dlaboratory.com\/sv\/\"},{\"@type\":\"ListItem\",\"position\":2,\"name\":\"Insikter\"}]},{\"@type\":\"WebSite\",\"@id\":\"https:\/\/www.dlaboratory.com\/sv\/#website\",\"url\":\"https:\/\/www.dlaboratory.com\/sv\/\",\"name\":\"dLab\",\"description\":\"\",\"publisher\":{\"@id\":\"https:\/\/www.dlaboratory.com\/sv\/#organization\"},\"potentialAction\":[{\"@type\":\"SearchAction\",\"target\":{\"@type\":\"EntryPoint\",\"urlTemplate\":\"https:\/\/www.dlaboratory.com\/sv\/?s={search_term_string}\"},\"query-input\":{\"@type\":\"PropertyValueSpecification\",\"valueRequired\":true,\"valueName\":\"search_term_string\"}}],\"inLanguage\":\"sv-SE\"},{\"@type\":\"Organization\",\"@id\":\"https:\/\/www.dlaboratory.com\/sv\/#organization\",\"name\":\"dLab\",\"url\":\"https:\/\/www.dlaboratory.com\/sv\/\",\"logo\":{\"@type\":\"ImageObject\",\"inLanguage\":\"sv-SE\",\"@id\":\"https:\/\/www.dlaboratory.com\/sv\/#\/schema\/logo\/image\/\",\"url\":\"\/wp-content\/uploads\/2023\/12\/dlab_logo_transparent_white-1.png\",\"contentUrl\":\"\/wp-content\/uploads\/2023\/12\/dlab_logo_transparent_white-1.png\",\"width\":4721,\"height\":2167,\"caption\":\"dLab\"},\"image\":{\"@id\":\"https:\/\/www.dlaboratory.com\/sv\/#\/schema\/logo\/image\/\"}}]}<\/script>\n<!-- \/ Yoast SEO Premium plugin. -->","yoast_head_json":{"title":"Insikter - dlab","robots":{"index":"index","follow":"follow","max-snippet":"max-snippet:-1","max-image-preview":"max-image-preview:large","max-video-preview":"max-video-preview:-1"},"canonical":"https:\/\/dlaboratory.com\/sv\/learn\/","og_locale":"sv_SE","og_type":"article","og_title":"Insikter","og_url":"https:\/\/dlaboratory.com\/sv\/learn\/","og_site_name":"dlab","article_modified_time":"2025-09-09T08:37:21+00:00","twitter_card":"summary_large_image","schema":{"@context":"https:\/\/schema.org","@graph":[{"@type":"WebPage","@id":"https:\/\/dlaboratory.com\/sv\/learn\/","url":"https:\/\/dlaboratory.com\/sv\/learn\/","name":"Insikter - dlab","isPartOf":{"@id":"https:\/\/www.dlaboratory.com\/sv\/#website"},"datePublished":"2023-12-20T16:01:46+00:00","dateModified":"2025-09-09T08:37:21+00:00","breadcrumb":{"@id":"https:\/\/dlaboratory.com\/sv\/learn\/#breadcrumb"},"inLanguage":"sv-SE","potentialAction":[{"@type":"ReadAction","target":["https:\/\/dlaboratory.com\/sv\/learn\/"]}]},{"@type":"BreadcrumbList","@id":"https:\/\/dlaboratory.com\/sv\/learn\/#breadcrumb","itemListElement":[{"@type":"ListItem","position":1,"name":"Home","item":"https:\/\/dlaboratory.com\/sv\/"},{"@type":"ListItem","position":2,"name":"Insikter"}]},{"@type":"WebSite","@id":"https:\/\/www.dlaboratory.com\/sv\/#website","url":"https:\/\/www.dlaboratory.com\/sv\/","name":"dLab","description":"","publisher":{"@id":"https:\/\/www.dlaboratory.com\/sv\/#organization"},"potentialAction":[{"@type":"SearchAction","target":{"@type":"EntryPoint","urlTemplate":"https:\/\/www.dlaboratory.com\/sv\/?s={search_term_string}"},"query-input":{"@type":"PropertyValueSpecification","valueRequired":true,"valueName":"search_term_string"}}],"inLanguage":"sv-SE"},{"@type":"Organization","@id":"https:\/\/www.dlaboratory.com\/sv\/#organization","name":"dLab","url":"https:\/\/www.dlaboratory.com\/sv\/","logo":{"@type":"ImageObject","inLanguage":"sv-SE","@id":"https:\/\/www.dlaboratory.com\/sv\/#\/schema\/logo\/image\/","url":"\/wp-content\/uploads\/2023\/12\/dlab_logo_transparent_white-1.png","contentUrl":"\/wp-content\/uploads\/2023\/12\/dlab_logo_transparent_white-1.png","width":4721,"height":2167,"caption":"dLab"},"image":{"@id":"https:\/\/www.dlaboratory.com\/sv\/#\/schema\/logo\/image\/"}}]}},"_links":{"self":[{"href":"https:\/\/dlaboratory.com\/sv\/wp-json\/wp\/v2\/pages\/1804","targetHints":{"allow":["GET"]}}],"collection":[{"href":"https:\/\/dlaboratory.com\/sv\/wp-json\/wp\/v2\/pages"}],"about":[{"href":"https:\/\/dlaboratory.com\/sv\/wp-json\/wp\/v2\/types\/page"}],"author":[{"embeddable":true,"href":"https:\/\/dlaboratory.com\/sv\/wp-json\/wp\/v2\/users\/1"}],"replies":[{"embeddable":true,"href":"https:\/\/dlaboratory.com\/sv\/wp-json\/wp\/v2\/comments?post=1804"}],"version-history":[{"count":18,"href":"https:\/\/dlaboratory.com\/sv\/wp-json\/wp\/v2\/pages\/1804\/revisions"}],"predecessor-version":[{"id":4636,"href":"https:\/\/dlaboratory.com\/sv\/wp-json\/wp\/v2\/pages\/1804\/revisions\/4636"}],"wp:attachment":[{"href":"https:\/\/dlaboratory.com\/sv\/wp-json\/wp\/v2\/media?parent=1804"}],"curies":[{"name":"wp","href":"https:\/\/api.w.org\/{rel}","templated":true}]}}